{"id":612,"date":"2022-08-10T19:21:25","date_gmt":"2022-08-10T19:21:25","guid":{"rendered":"https:\/\/carway.sk\/?page_id=612"},"modified":"2022-08-10T19:54:45","modified_gmt":"2022-08-10T19:54:45","slug":"o-pneumatikach","status":"publish","type":"page","link":"https:\/\/carway.sk\/hu\/o-pneumatikach\/","title":{"rendered":"O pneumatik\u00e1ch"},"content":{"rendered":"<div data-elementor-type=\"wp-page\" data-elementor-id=\"612\" class=\"elementor elementor-612\" data-elementor-post-type=\"page\">\n\t\t\t\t\t\t<section class=\"elementor-section elementor-top-section elementor-element elementor-element-01b18a4 elementor-section-boxed elementor-section-height-default elementor-section-height-default\" data-id=\"01b18a4\" data-element_type=\"section\">\n\t\t\t\t\t\t<div class=\"elementor-container elementor-column-gap-default\">\n\t\t\t\t\t<div class=\"elementor-column elementor-col-100 elementor-top-column elementor-element elementor-element-631926c\" data-id=\"631926c\" data-element_type=\"column\">\n\t\t\t<div class=\"elementor-widget-wrap elementor-element-populated\">\n\t\t\t\t\t\t<div class=\"elementor-element elementor-element-9761238 elementor-widget elementor-widget-image\" data-id=\"9761238\" data-element_type=\"widget\" data-widget_type=\"image.default\">\n\t\t\t\t<div class=\"elementor-widget-container\">\n\t\t\t\t\t\t\t\t\t\t\t\t\t\t\t<img fetchpriority=\"high\" decoding=\"async\" width=\"800\" height=\"534\" src=\"https:\/\/carway.sk\/wp-content\/uploads\/2022\/08\/opotrebovna-pneumatika-1.jpg\" class=\"attachment-large size-large wp-image-629\" alt=\"\" srcset=\"https:\/\/carway.sk\/wp-content\/uploads\/2022\/08\/opotrebovna-pneumatika-1.jpg 1000w, https:\/\/carway.sk\/wp-content\/uploads\/2022\/08\/opotrebovna-pneumatika-1-300x200.jpg 300w, https:\/\/carway.sk\/wp-content\/uploads\/2022\/08\/opotrebovna-pneumatika-1-768x512.jpg 768w\" sizes=\"(max-width: 800px) 100vw, 800px\" \/>\t\t\t\t\t\t\t\t\t\t\t\t\t\t\t<\/div>\n\t\t\t\t<\/div>\n\t\t\t\t<div class=\"elementor-element elementor-element-f01cb88 elementor-widget elementor-widget-heading\" data-id=\"f01cb88\" data-element_type=\"widget\" data-widget_type=\"heading.default\">\n\t\t\t\t<div class=\"elementor-widget-container\">\n\t\t\t\t\t<h1 class=\"elementor-heading-title elementor-size-default\">Mikor a legalkalmasabb a gumicsere?<\/h1>\t\t\t\t<\/div>\n\t\t\t\t<\/div>\n\t\t\t\t\t<\/div>\n\t\t<\/div>\n\t\t\t\t\t<\/div>\n\t\t<\/section>\n\t\t\t\t<section class=\"elementor-section elementor-top-section elementor-element elementor-element-311669c elementor-section-boxed elementor-section-height-default elementor-section-height-default\" data-id=\"311669c\" data-element_type=\"section\">\n\t\t\t\t\t\t<div class=\"elementor-container elementor-column-gap-default\">\n\t\t\t\t\t<div class=\"elementor-column elementor-col-100 elementor-top-column elementor-element elementor-element-17cac72\" data-id=\"17cac72\" data-element_type=\"column\">\n\t\t\t<div class=\"elementor-widget-wrap elementor-element-populated\">\n\t\t\t\t\t\t<div class=\"elementor-element elementor-element-c9b3211 elementor-widget elementor-widget-text-editor\" data-id=\"c9b3211\" data-element_type=\"widget\" data-widget_type=\"text-editor.default\">\n\t\t\t\t<div class=\"elementor-widget-container\">\n\t\t\t\t\t\t\t\t\t<p>Amivel kapcsolatban <strong>minim\u00e1lis profilm\u00e9lys\u00e9g<\/strong>, a KRESZ minim\u00e1lis m\u00e9lys\u00e9get hat\u00e1roz meg <strong>3 mm t\u00e9li gumihoz<\/strong> a&nbsp;<strong>1,6 mm ny\u00e1ri gumin\u00e1l<\/strong>Legyen azonban \u00f3vatos, ha k\u00fclf\u00f6ldre utazik. P\u00e9ld\u00e1ul Ausztri\u00e1ban vagy Csehorsz\u00e1gban a t\u00e9li gumiabroncsok minim\u00e1lis profilm\u00e9lys\u00e9g\u00e9nek kell lennie <strong>legal\u00e1bb 4 mm<\/strong>. \u00c1ltal\u00e1noss\u00e1gban azonban \u00f6sszefoglalhatjuk, hogy min\u00e9l m\u00e9lyebb a minta, ann\u00e1l jobb.&nbsp;<span style=\"color: var( --e-global-color-text ); font-size: 1rem;\">M\u00edg t\u00e9len a kell\u0151en m\u00e9ly mint\u00e1t fogod \u00e9rt\u00e9kelni f\u0151leg az\u00e9rt <\/span><strong style=\"color: var( --e-global-color-text ); font-size: 1rem;\">jobb tapad\u00e1s<\/strong><span style=\"color: var( --e-global-color-text ); font-size: 1rem;\">, ny\u00e1ron seg\u00edt elker\u00fclni <\/span><strong style=\"color: var( --e-global-color-text ); font-size: 1rem;\">aquaplaning<\/strong><span style=\"color: var( --e-global-color-text ); font-size: 1rem;\">.&nbsp;<\/span><span style=\"color: var( --e-global-color-text ); font-family: inherit; font-size: 2rem;\">&nbsp;<\/span><\/p>\n<h2>Mib\u0151l k\u00e9sz\u00fclt a gumiabroncs fut\u00f3fel\u00fclete?<\/h2>\n<p>A gumiabroncs mint\u00e1zata mag\u00e1nak a t\u00e9li vagy ny\u00e1ri guminak a legfels\u0151 r\u00e9sze, amely k\u00f6zvetlen\u00fcl \u00e9rinti az utat. A fut\u00f3fel\u00fclet mint\u00e1zata az egyik f\u0151 elem, amely a legnagyobb hat\u00e1ssal van a gumiabroncsok teljes\u00edtm\u00e9ny\u00e9re. Ezen t\u00falmen\u0151en az \u0151 feladata a k\u00f6vetkez\u0151k biztos\u00edt\u00e1sa:<\/p>\n<ul>\n<li><b>j\u00f3 korm\u00e1nyz\u00e1s \u00e9s tapad\u00e1s havas, nedves vagy egy\u00e9b ig\u00e9nyes \u00fatfel\u00fcleten val\u00f3 halad\u00e1skor<\/b><\/li>\n<li><b>seg\u00edt a biztons\u00e1gos fordul\u00e1sban<\/b><\/li>\n<li><b>cs\u00f6kkenti a g\u00f6rd\u00fcl\u00e9si ellen\u00e1ll\u00e1st<\/b><\/li>\n<li><b>alacsonyan tartva a zajszintet<\/b><\/li>\n<\/ul>\n<div>&nbsp;<\/div>\n<p>A gumikever\u00e9k \u00f6sszet\u00e9tele, amelyb\u0151l a minta k\u00e9sz\u00fcl, term\u00e9szetes \u00e9s szintetikus gumit is tartalmaz. Tov\u00e1bbi elemek a korom, a szil\u00edcium-dioxid vagy az elasztomerek k\u00fcl\u00f6nb\u00f6z\u0151 ar\u00e1nyban. Maga a minta lamell\u00e1kb\u00f3l, hornyokb\u00f3l, blokkokb\u00f3l, bord\u00e1kb\u00f3l \u00e9s lyukakb\u00f3l \u00e1ll.<\/p><p><br><\/p>\n<h3>Az els\u0151 gumik jobban t\u00f6nkrementek, mint a h\u00e1ts\u00f3k<\/h3>\n<p>Az oktat\u00f3 hat\u00e1rozottan nem javasolja olyan gumiabroncsok haszn\u00e1lat\u00e1t, amelyek profilm\u00e9lys\u00e9ge a legt\u00f6bbet utazott helyen nem \u00e9ri el legal\u00e1bb a 3-4 millim\u00e9tert. \u2013 Egy ilyen abroncs haszn\u00e1lata vesz\u00e9lyes.<\/p>\n<p>A szakember szerint \u00e9rthet\u0151 a sof\u0151r\u00f6k t\u00falnyom\u00f3 t\u00f6bbs\u00e9g\u00e9nek, valamint a gumijav\u00edt\u00f3 m\u0171helyben dolgoz\u00f3 szerel\u0151knek az ind\u00edt\u00e9ka \u00e9s meggy\u0151z\u0151d\u00e9se, hogy kev\u00e9sb\u00e9 kopott gumikat rakjanak az els\u0151 tengelyre.<\/p>\n<p>&#8222;<b>Vy\u0161e 90 percent \u00e1ut na na\u0161ich cest\u00e1ch s\u00fa predokolky.<\/b> Teljesen logikus, hogy egy-k\u00e9t szezon ut\u00e1n jobban kopnak az els\u0151 gumik.\u201d<\/p>\n<p>A vezet\u00e9ssel kapcsolatos jelens\u00e9gek l\u00e9nyegesen gyorsabban kopj\u00e1k az els\u0151 kerekeket, mint a h\u00e1ts\u00f3 gumikat. A f\u00e9kez\u0151er\u0151k ar\u00e1nytalanul nagyobb \u00e1tvitel\u00e9t biztos\u00edtj\u00e1k. Az els\u0151 tengely az egyes aut\u00f3k f\u00e9k-, korm\u00e1ny- \u00e9s kanyarteljes\u00edtm\u00e9ny\u00e9nek nagyj\u00e1b\u00f3l 70-90 sz\u00e1zal\u00e9k\u00e1t adja \u00e1t.<\/p>\n<p>Tov\u00e1bbi inform\u00e1ci\u00f3: https:\/\/auto.sme.sk\/c\/6329680\/lepsie-pneumatiky-patria-podla-odbornika-na-zadne-kolesa.html<\/p>\n<h2>&nbsp;<\/h2>\n<h2>Hogyan m\u00e9rj\u00fck a fut\u00f3fel\u00fclet m\u00e9lys\u00e9g\u00e9t?<\/h2>\n<p>A gumiabroncs profilm\u00e9lys\u00e9ge k\u00f6nnyen m\u00e9rhet\u0151. Hogyan m\u00e9rj\u00fck meg a gumiabroncs fut\u00f3fel\u00fclet\u00e9t? Ezt megteheti tol\u00f3m\u00e9r\u0151vel, tollal, ceruz\u00e1val, gyuf\u00e1val vagy <b>aut\u00f3szerviz\u00fcnkben is lem\u00e9rheti<\/b>. A szakemberek mindig pontosan tudj\u00e1k, hogyan kell m\u00e9rni a gumiabroncs fut\u00f3fel\u00fclet\u00e9t.&nbsp;<\/p>\n<p>Ezen k\u00edv\u00fcl k\u00fcl\u00f6nb\u00f6z\u0151 t\u00edpus\u00fa gumiabroncs fut\u00f3fel\u00fclet-m\u00e9lys\u00e9gm\u00e9r\u0151 k\u00e9sz\u00fcl\u00e9kek v\u00e1s\u00e1rolhat\u00f3k, a k\u00e9zi, kulcstart\u00f3 form\u00e1j\u00fa k\u00e9sz\u00fcl\u00e9kekt\u0151l a dr\u00e1g\u00e1bb, kijelz\u0151vel felszerelt elektronikai eszk\u00f6z\u00f6kig, melyek \u00e1ra a technol\u00f3giai sz\u00ednvonalnak megfelel\u0151.<\/p>\n<p><\/p>\t\t\t\t\t\t\t\t<\/div>\n\t\t\t\t<\/div>\n\t\t\t\t<div class=\"elementor-element elementor-element-864887f elementor-widget elementor-widget-image\" data-id=\"864887f\" data-element_type=\"widget\" data-widget_type=\"image.default\">\n\t\t\t\t<div class=\"elementor-widget-container\">\n\t\t\t\t\t\t\t\t\t\t\t\t\t\t\t<img decoding=\"async\" width=\"460\" height=\"345\" src=\"https:\/\/carway.sk\/wp-content\/uploads\/2022\/08\/5290783.jpeg\" class=\"attachment-large size-large wp-image-620\" alt=\"\" srcset=\"https:\/\/carway.sk\/wp-content\/uploads\/2022\/08\/5290783.jpeg 460w, https:\/\/carway.sk\/wp-content\/uploads\/2022\/08\/5290783-300x225.jpeg 300w\" sizes=\"(max-width: 460px) 100vw, 460px\" \/>\t\t\t\t\t\t\t\t\t\t\t\t\t\t\t<\/div>\n\t\t\t\t<\/div>\n\t\t\t\t<div class=\"elementor-element elementor-element-1b9d5fb elementor-widget elementor-widget-text-editor\" data-id=\"1b9d5fb\" data-element_type=\"widget\" data-widget_type=\"text-editor.default\">\n\t\t\t\t<div class=\"elementor-widget-container\">\n\t\t\t\t\t\t\t\t\t<h3>Egy egyszer\u0171 m\u00f3dszer annak meg\u00e1llap\u00edt\u00e1s\u00e1ra, hogy a gumiabroncs fut\u00f3fel\u00fclete rendben van-e<\/h3><p><span style=\"color: var( --e-global-color-text ); font-size: 1rem;\">Az egyik egyszer\u0171 m\u00f3dja annak, hogy meg\u00e1llap\u00edtsa, a gumiabroncsok j\u00f3 \u00e1llapotban vannak-e, ha szemrev\u00e9telez\u00e9ssel megvizsg\u00e1lj\u00e1k a gumiabroncs fut\u00f3fel\u00fclet\u00e9nek k\u00f6zep\u00e9n elhelyezett tart\u00f3rudakat. Ezek a s\u00e1vok alig l\u00e1tszanak, ha \u00faj abroncsok, de id\u0151vel egyre jobban l\u00e1that\u00f3v\u00e1 v\u00e1lnak, egy\u00e9rtelm\u0171 jele annak, hogy \u00faj gumikat kell keresnie.\u00a0<\/span><\/p><p><span style=\"color: var( --e-global-color-text ); font-size: 1rem;\">Egy m\u00e1sik egyszer\u0171 m\u00f3dszer az, hogy vesz egy fill\u00e9rt, ford\u00edtsa fejjel lefel\u00e9, \u00e9s ragassza a mint\u00e1ba, hogy megm\u00e9rje a m\u00e9lys\u00e9g\u00e9t. Ha az \u00e9rmefejet takarja a fut\u00f3fel\u00fclet, a gumik rendben vannak. Ha azonban az \u00e9rme feje j\u00f3l l\u00e1that\u00f3, akkor a gumiabroncsok t\u00fals\u00e1gosan elhaszn\u00e1l\u00f3dtak, \u00e9s ki kell cser\u00e9lni. Term\u00e9szetesen ez csak egyfajta \"h\u00e1zi\" m\u00f3dszer a minta ellen\u0151rz\u00e9s\u00e9re. <b>N\u00e9ha jobb, ha szakember tan\u00e1cs\u00e1t k\u00e9ri.<\/b><\/span><\/p><h3><span style=\"font-family: inherit; font-size: 1.75rem;\">Keressen reped\u00e9seket vagy s\u00e9r\u00fcl\u00e9seket a gumiabroncs fel\u00fclet\u00e9n<\/span><\/h3><p>Egy\u00e9b befoly\u00e1sol\u00f3 t\u00e9nyez\u0151k<b> gumiabroncs \u00e9lettartama<\/b> fel\u00fclet\u00e9n reped\u00e9sek vagy kisebb s\u00e9r\u00fcl\u00e9sek vannak. A ny\u00e1ri gumiabroncsok ki vannak t\u00e9ve az extr\u00e9m id\u0151j\u00e1r\u00e1si viszonyoknak, a gumi kezd vesz\u00edteni rugalmass\u00e1g\u00e1b\u00f3l \u00e9s reped\u00e9sek jelennek meg a fel\u00fcleten. El\u0151fordulhat, hogy n\u00e9h\u00e1ny reped\u00e9s nem azonnal jelenti azt, hogy \u00faj gumikra van sz\u00fcks\u00e9ge, de ha sok forg\u00e1csot \u00e9szlel, \u00e9rdemes konzult\u00e1lni<b> szak\u00e9rt\u0151vel, aki felm\u00e9ri abroncsai \u00e1llapot\u00e1t \u00e9s m\u00e1s megold\u00e1st javasol<\/b>.<\/p><p>\u00a0<\/p><p>Forr\u00e1sok: sme.sk, unia.sk, oponeo.sk<\/p>\t\t\t\t\t\t\t\t<\/div>\n\t\t\t\t<\/div>\n\t\t\t\t<div class=\"elementor-element elementor-element-9750992 elementor-align-center elementor-widget elementor-widget-button\" data-id=\"9750992\" data-element_type=\"widget\" data-widget_type=\"button.default\">\n\t\t\t\t<div class=\"elementor-widget-container\">\n\t\t\t\t\t\t\t\t\t<div class=\"elementor-button-wrapper\">\n\t\t\t\t\t<a class=\"elementor-button elementor-button-link elementor-size-sm\" href=\"https:\/\/carway.sk\/hu\/sluzby\/\">\n\t\t\t\t\t\t<span class=\"elementor-button-content-wrapper\">\n\t\t\t\t\t\t<span class=\"elementor-button-icon\">\n\t\t\t\t<i aria-hidden=\"true\" class=\"fas fa-long-arrow-alt-left\"><\/i>\t\t\t<\/span>\n\t\t\t\t\t\t\t\t\t<span class=\"elementor-button-text\">vissza a szolg\u00e1ltat\u00e1sokhoz<\/span>\n\t\t\t\t\t<\/span>\n\t\t\t\t\t<\/a>\n\t\t\t\t<\/div>\n\t\t\t\t\t\t\t\t<\/div>\n\t\t\t\t<\/div>\n\t\t\t\t\t<\/div>\n\t\t<\/div>\n\t\t\t\t\t<\/div>\n\t\t<\/section>\n\t\t\t\t<\/div>","protected":false},"excerpt":{"rendered":"<p>Kedy je najvhodnej\u0161ie meni\u0165 pneumatiky? \u010co sa t\u00fdka minim\u00e1lnej h\u013abky dez\u00e9nu, z\u00e1kon o&nbsp;cestnej prem\u00e1vke stanovuje minim\u00e1lnu h\u013abku 3 mm pri zimn\u00fdch pneumatik\u00e1ch a&nbsp;1,6 mm pri letn\u00fdch pneumatik\u00e1ch. Pozor si v\u0161ak dajte pri cest\u00e1ch do zahrani\u010dia. Napr\u00edklad v Rak\u00fasku alebo \u010ceskej republike plat\u00ed, \u017ee minim\u00e1lna h\u013abka dez\u00e9nu v&nbsp;pr\u00edpade zimn\u00fdch pl\u00e1\u0161\u0165ov mus\u00ed by\u0165 aspo\u0148 4 mm. Vo [&hellip;]<\/p>","protected":false},"author":1,"featured_media":0,"parent":0,"menu_order":0,"comment_status":"closed","ping_status":"closed","template":"","meta":{"inline_featured_image":false,"footnotes":""},"class_list":["post-612","page","type-page","status-publish","hentry"],"yoast_head":"<!-- This site is optimized with the Yoast SEO plugin v25.3.1 - https:\/\/yoast.com\/wordpress\/plugins\/seo\/ -->\n<title>O pneumatik\u00e1ch - Autoservis a Pneuservis Nov\u00e9 Z\u00e1mky<\/title>\n<meta name=\"robots\" content=\"index, follow, max-snippet:-1, max-image-preview:large, max-video-preview:-1\" \/>\n<link rel=\"canonical\" href=\"https:\/\/carway.sk\/hu\/o-pneumatikach\/\" \/>\n<meta property=\"og:locale\" content=\"hu_HU\" \/>\n<meta property=\"og:type\" content=\"article\" \/>\n<meta property=\"og:title\" content=\"O pneumatik\u00e1ch - Autoservis a Pneuservis Nov\u00e9 Z\u00e1mky\" \/>\n<meta property=\"og:description\" content=\"Kedy je najvhodnej\u0161ie meni\u0165 pneumatiky? \u010co sa t\u00fdka minim\u00e1lnej h\u013abky dez\u00e9nu, z\u00e1kon o&nbsp;cestnej prem\u00e1vke stanovuje minim\u00e1lnu h\u013abku 3 mm pri zimn\u00fdch pneumatik\u00e1ch a&nbsp;1,6 mm pri letn\u00fdch pneumatik\u00e1ch. Pozor si v\u0161ak dajte pri cest\u00e1ch do zahrani\u010dia. Napr\u00edklad v Rak\u00fasku alebo \u010ceskej republike plat\u00ed, \u017ee minim\u00e1lna h\u013abka dez\u00e9nu v&nbsp;pr\u00edpade zimn\u00fdch pl\u00e1\u0161\u0165ov mus\u00ed by\u0165 aspo\u0148 4 mm. Vo [&hellip;]\" \/>\n<meta property=\"og:url\" content=\"https:\/\/carway.sk\/hu\/o-pneumatikach\/\" \/>\n<meta property=\"og:site_name\" content=\"Autoservis a Pneuservis Nov\u00e9 Z\u00e1mky\" \/>\n<meta property=\"article:publisher\" content=\"https:\/\/facebook.com\/autoserviscarway\" \/>\n<meta property=\"article:modified_time\" content=\"2022-08-10T19:54:45+00:00\" \/>\n<meta property=\"og:image\" content=\"https:\/\/carway.sk\/wp-content\/uploads\/2022\/08\/opotrebovna-pneumatika-1.jpg\" \/>\n<meta name=\"twitter:card\" content=\"summary_large_image\" \/>\n<meta name=\"twitter:label1\" content=\"Becs\u00fclt olvas\u00e1si id\u0151\" \/>\n\t<meta name=\"twitter:data1\" content=\"4 perc\" \/>\n<script type=\"application\/ld+json\" class=\"yoast-schema-graph\">{\"@context\":\"https:\/\/schema.org\",\"@graph\":[{\"@type\":\"WebPage\",\"@id\":\"https:\/\/carway.sk\/o-pneumatikach\/\",\"url\":\"https:\/\/carway.sk\/o-pneumatikach\/\",\"name\":\"O pneumatik\u00e1ch - Autoservis a Pneuservis Nov\u00e9 Z\u00e1mky\",\"isPartOf\":{\"@id\":\"https:\/\/carway.sk\/#website\"},\"primaryImageOfPage\":{\"@id\":\"https:\/\/carway.sk\/o-pneumatikach\/#primaryimage\"},\"image\":{\"@id\":\"https:\/\/carway.sk\/o-pneumatikach\/#primaryimage\"},\"thumbnailUrl\":\"https:\/\/carway.sk\/wp-content\/uploads\/2022\/08\/opotrebovna-pneumatika-1.jpg\",\"datePublished\":\"2022-08-10T19:21:25+00:00\",\"dateModified\":\"2022-08-10T19:54:45+00:00\",\"breadcrumb\":{\"@id\":\"https:\/\/carway.sk\/o-pneumatikach\/#breadcrumb\"},\"inLanguage\":\"hu\",\"potentialAction\":[{\"@type\":\"ReadAction\",\"target\":[\"https:\/\/carway.sk\/o-pneumatikach\/\"]}]},{\"@type\":\"ImageObject\",\"inLanguage\":\"hu\",\"@id\":\"https:\/\/carway.sk\/o-pneumatikach\/#primaryimage\",\"url\":\"https:\/\/carway.sk\/wp-content\/uploads\/2022\/08\/opotrebovna-pneumatika-1.jpg\",\"contentUrl\":\"https:\/\/carway.sk\/wp-content\/uploads\/2022\/08\/opotrebovna-pneumatika-1.jpg\"},{\"@type\":\"BreadcrumbList\",\"@id\":\"https:\/\/carway.sk\/o-pneumatikach\/#breadcrumb\",\"itemListElement\":[{\"@type\":\"ListItem\",\"position\":1,\"name\":\"Domovsk\u00e1 str\u00e1nka\",\"item\":\"https:\/\/carway.sk\/\"},{\"@type\":\"ListItem\",\"position\":2,\"name\":\"O pneumatik\u00e1ch\"}]},{\"@type\":\"WebSite\",\"@id\":\"https:\/\/carway.sk\/#website\",\"url\":\"https:\/\/carway.sk\/\",\"name\":\"Autoservis a Pneuservis Nov\u00e9 Z\u00e1mky\",\"description\":\"Pneuservis\",\"publisher\":{\"@id\":\"https:\/\/carway.sk\/#organization\"},\"potentialAction\":[{\"@type\":\"SearchAction\",\"target\":{\"@type\":\"EntryPoint\",\"urlTemplate\":\"https:\/\/carway.sk\/?s={search_term_string}\"},\"query-input\":{\"@type\":\"PropertyValueSpecification\",\"valueRequired\":true,\"valueName\":\"search_term_string\"}}],\"inLanguage\":\"hu\"},{\"@type\":\"Organization\",\"@id\":\"https:\/\/carway.sk\/#organization\",\"name\":\"Autoservis a Pneuservis Nov\u00e9 Z\u00e1mky\",\"url\":\"https:\/\/carway.sk\/\",\"logo\":{\"@type\":\"ImageObject\",\"inLanguage\":\"hu\",\"@id\":\"https:\/\/carway.sk\/#\/schema\/logo\/image\/\",\"url\":\"https:\/\/carway.sk\/wp-content\/uploads\/2022\/05\/carway-logoheadline.svg\",\"contentUrl\":\"https:\/\/carway.sk\/wp-content\/uploads\/2022\/05\/carway-logoheadline.svg\",\"width\":482,\"height\":187,\"caption\":\"Autoservis a Pneuservis Nov\u00e9 Z\u00e1mky\"},\"image\":{\"@id\":\"https:\/\/carway.sk\/#\/schema\/logo\/image\/\"},\"sameAs\":[\"https:\/\/facebook.com\/autoserviscarway\",\"https:\/\/www.instagram.com\/carwayservis\/\"]}]}<\/script>\n<!-- \/ Yoast SEO plugin. -->","yoast_head_json":{"title":"O pneumatik\u00e1ch - Autoservis a Pneuservis Nov\u00e9 Z\u00e1mky","robots":{"index":"index","follow":"follow","max-snippet":"max-snippet:-1","max-image-preview":"max-image-preview:large","max-video-preview":"max-video-preview:-1"},"canonical":"https:\/\/carway.sk\/hu\/o-pneumatikach\/","og_locale":"hu_HU","og_type":"article","og_title":"O pneumatik\u00e1ch - Autoservis a Pneuservis Nov\u00e9 Z\u00e1mky","og_description":"Kedy je najvhodnej\u0161ie meni\u0165 pneumatiky? \u010co sa t\u00fdka minim\u00e1lnej h\u013abky dez\u00e9nu, z\u00e1kon o&nbsp;cestnej prem\u00e1vke stanovuje minim\u00e1lnu h\u013abku 3 mm pri zimn\u00fdch pneumatik\u00e1ch a&nbsp;1,6 mm pri letn\u00fdch pneumatik\u00e1ch. Pozor si v\u0161ak dajte pri cest\u00e1ch do zahrani\u010dia. Napr\u00edklad v Rak\u00fasku alebo \u010ceskej republike plat\u00ed, \u017ee minim\u00e1lna h\u013abka dez\u00e9nu v&nbsp;pr\u00edpade zimn\u00fdch pl\u00e1\u0161\u0165ov mus\u00ed by\u0165 aspo\u0148 4 mm. Vo [&hellip;]","og_url":"https:\/\/carway.sk\/hu\/o-pneumatikach\/","og_site_name":"Autoservis a Pneuservis Nov\u00e9 Z\u00e1mky","article_publisher":"https:\/\/facebook.com\/autoserviscarway","article_modified_time":"2022-08-10T19:54:45+00:00","og_image":[{"url":"https:\/\/carway.sk\/wp-content\/uploads\/2022\/08\/opotrebovna-pneumatika-1.jpg","type":"","width":"","height":""}],"twitter_card":"summary_large_image","twitter_misc":{"Becs\u00fclt olvas\u00e1si id\u0151":"4 perc"},"schema":{"@context":"https:\/\/schema.org","@graph":[{"@type":"WebPage","@id":"https:\/\/carway.sk\/o-pneumatikach\/","url":"https:\/\/carway.sk\/o-pneumatikach\/","name":"O pneumatik\u00e1ch - Autoservis a Pneuservis Nov\u00e9 Z\u00e1mky","isPartOf":{"@id":"https:\/\/carway.sk\/#website"},"primaryImageOfPage":{"@id":"https:\/\/carway.sk\/o-pneumatikach\/#primaryimage"},"image":{"@id":"https:\/\/carway.sk\/o-pneumatikach\/#primaryimage"},"thumbnailUrl":"https:\/\/carway.sk\/wp-content\/uploads\/2022\/08\/opotrebovna-pneumatika-1.jpg","datePublished":"2022-08-10T19:21:25+00:00","dateModified":"2022-08-10T19:54:45+00:00","breadcrumb":{"@id":"https:\/\/carway.sk\/o-pneumatikach\/#breadcrumb"},"inLanguage":"hu","potentialAction":[{"@type":"ReadAction","target":["https:\/\/carway.sk\/o-pneumatikach\/"]}]},{"@type":"ImageObject","inLanguage":"hu","@id":"https:\/\/carway.sk\/o-pneumatikach\/#primaryimage","url":"https:\/\/carway.sk\/wp-content\/uploads\/2022\/08\/opotrebovna-pneumatika-1.jpg","contentUrl":"https:\/\/carway.sk\/wp-content\/uploads\/2022\/08\/opotrebovna-pneumatika-1.jpg"},{"@type":"BreadcrumbList","@id":"https:\/\/carway.sk\/o-pneumatikach\/#breadcrumb","itemListElement":[{"@type":"ListItem","position":1,"name":"Domovsk\u00e1 str\u00e1nka","item":"https:\/\/carway.sk\/"},{"@type":"ListItem","position":2,"name":"O pneumatik\u00e1ch"}]},{"@type":"WebSite","@id":"https:\/\/carway.sk\/#website","url":"https:\/\/carway.sk\/","name":"Autoservis a Pneuservis Nov\u00e9 Z\u00e1mky","description":"Pneuservis","publisher":{"@id":"https:\/\/carway.sk\/#organization"},"potentialAction":[{"@type":"SearchAction","target":{"@type":"EntryPoint","urlTemplate":"https:\/\/carway.sk\/?s={search_term_string}"},"query-input":{"@type":"PropertyValueSpecification","valueRequired":true,"valueName":"search_term_string"}}],"inLanguage":"hu"},{"@type":"Organization","@id":"https:\/\/carway.sk\/#organization","name":"Autoservis a Pneuservis Nov\u00e9 Z\u00e1mky","url":"https:\/\/carway.sk\/","logo":{"@type":"ImageObject","inLanguage":"hu","@id":"https:\/\/carway.sk\/#\/schema\/logo\/image\/","url":"https:\/\/carway.sk\/wp-content\/uploads\/2022\/05\/carway-logoheadline.svg","contentUrl":"https:\/\/carway.sk\/wp-content\/uploads\/2022\/05\/carway-logoheadline.svg","width":482,"height":187,"caption":"Autoservis a Pneuservis Nov\u00e9 Z\u00e1mky"},"image":{"@id":"https:\/\/carway.sk\/#\/schema\/logo\/image\/"},"sameAs":["https:\/\/facebook.com\/autoserviscarway","https:\/\/www.instagram.com\/carwayservis\/"]}]}},"_links":{"self":[{"href":"https:\/\/carway.sk\/hu\/wp-json\/wp\/v2\/pages\/612","targetHints":{"allow":["GET"]}}],"collection":[{"href":"https:\/\/carway.sk\/hu\/wp-json\/wp\/v2\/pages"}],"about":[{"href":"https:\/\/carway.sk\/hu\/wp-json\/wp\/v2\/types\/page"}],"author":[{"embeddable":true,"href":"https:\/\/carway.sk\/hu\/wp-json\/wp\/v2\/users\/1"}],"replies":[{"embeddable":true,"href":"https:\/\/carway.sk\/hu\/wp-json\/wp\/v2\/comments?post=612"}],"version-history":[{"count":31,"href":"https:\/\/carway.sk\/hu\/wp-json\/wp\/v2\/pages\/612\/revisions"}],"predecessor-version":[{"id":674,"href":"https:\/\/carway.sk\/hu\/wp-json\/wp\/v2\/pages\/612\/revisions\/674"}],"wp:attachment":[{"href":"https:\/\/carway.sk\/hu\/wp-json\/wp\/v2\/media?parent=612"}],"curies":[{"name":"wp","href":"https:\/\/api.w.org\/{rel}","templated":true}]}}