{"id":45,"date":"2022-05-09T21:59:48","date_gmt":"2022-05-09T21:59:48","guid":{"rendered":"https:\/\/carway.sk\/?page_id=45"},"modified":"2023-08-10T14:00:53","modified_gmt":"2023-08-10T14:00:53","slug":"kontakt","status":"publish","type":"page","link":"https:\/\/carway.sk\/hu\/kontakt\/","title":{"rendered":"Kapcsolat"},"content":{"rendered":"<div data-elementor-type=\"wp-page\" data-elementor-id=\"45\" class=\"elementor elementor-45\" data-elementor-post-type=\"page\">\n\t\t\t\t\t\t<section class=\"elementor-section elementor-top-section elementor-element elementor-element-48f90a9 elementor-section-full_width elementor-section-height-min-height elementor-section-height-default elementor-section-items-middle\" data-id=\"48f90a9\" data-element_type=\"section\" data-settings=\"{&quot;background_background&quot;:&quot;classic&quot;,&quot;shape_divider_bottom&quot;:&quot;opacity-fan&quot;}\">\n\t\t\t\t\t\t\t<div class=\"elementor-background-overlay\"><\/div>\n\t\t\t\t\t\t<div class=\"elementor-shape elementor-shape-bottom\" aria-hidden=\"true\" data-negative=\"false\">\n\t\t\t<svg xmlns=\"http:\/\/www.w3.org\/2000\/svg\" viewbox=\"0 0 283.5 19.6\" preserveaspectratio=\"none\">\n\t<path class=\"elementor-shape-fill\" style=\"opacity:0.33\" d=\"M0 0L0 18.8 141.8 4.1 283.5 18.8 283.5 0z\"\/>\n\t<path class=\"elementor-shape-fill\" style=\"opacity:0.33\" d=\"M0 0L0 12.6 141.8 4 283.5 12.6 283.5 0z\"\/>\n\t<path class=\"elementor-shape-fill\" style=\"opacity:0.33\" d=\"M0 0L0 6.4 141.8 4 283.5 6.4 283.5 0z\"\/>\n\t<path class=\"elementor-shape-fill\" d=\"M0 0L0 1.2 141.8 4 283.5 1.2 283.5 0z\"\/>\n<\/svg>\t\t<\/div>\n\t\t\t\t\t<div class=\"elementor-container elementor-column-gap-default\">\n\t\t\t\t\t<div class=\"elementor-column elementor-col-100 elementor-top-column elementor-element elementor-element-e649b65\" data-id=\"e649b65\" data-element_type=\"column\">\n\t\t\t<div class=\"elementor-widget-wrap elementor-element-populated\">\n\t\t\t\t\t\t<div class=\"elementor-element elementor-element-560a52c elementor-widget elementor-widget-heading\" data-id=\"560a52c\" data-element_type=\"widget\" data-widget_type=\"heading.default\">\n\t\t\t\t<div class=\"elementor-widget-container\">\n\t\t\t\t\t<h2 class=\"elementor-heading-title elementor-size-default\">El\u00e9rhet\u0151s\u00e9g<\/h2>\t\t\t\t<\/div>\n\t\t\t\t<\/div>\n\t\t\t\t\t<\/div>\n\t\t<\/div>\n\t\t\t\t\t<\/div>\n\t\t<\/section>\n\t\t\t\t<section class=\"elementor-section elementor-top-section elementor-element elementor-element-95535bd elementor-section-boxed elementor-section-height-default elementor-section-height-default\" data-id=\"95535bd\" data-element_type=\"section\">\n\t\t\t\t\t\t<div class=\"elementor-container elementor-column-gap-default\">\n\t\t\t\t\t<div class=\"elementor-column elementor-col-33 elementor-top-column elementor-element elementor-element-c0070ec\" data-id=\"c0070ec\" data-element_type=\"column\">\n\t\t\t<div class=\"elementor-widget-wrap elementor-element-populated\">\n\t\t\t\t\t\t<div class=\"elementor-element elementor-element-2f4ec3e elementor-widget elementor-widget-image\" data-id=\"2f4ec3e\" data-element_type=\"widget\" data-widget_type=\"image.default\">\n\t\t\t\t<div class=\"elementor-widget-container\">\n\t\t\t\t\t\t\t\t\t\t\t\t\t\t\t<img fetchpriority=\"high\" decoding=\"async\" width=\"800\" height=\"800\" src=\"https:\/\/carway.sk\/wp-content\/uploads\/2022\/05\/logo-carway.svg\" class=\"attachment-large size-large wp-image-16\" alt=\"\" \/>\t\t\t\t\t\t\t\t\t\t\t\t\t\t\t<\/div>\n\t\t\t\t<\/div>\n\t\t\t\t<div class=\"elementor-element elementor-element-d7e6129 elementor-position-left elementor-vertical-align-bottom elementor-view-default elementor-mobile-position-top elementor-widget elementor-widget-icon-box\" data-id=\"d7e6129\" data-element_type=\"widget\" data-widget_type=\"icon-box.default\">\n\t\t\t\t<div class=\"elementor-widget-container\">\n\t\t\t\t\t\t\t<div class=\"elementor-icon-box-wrapper\">\n\n\t\t\t\t\t\t<div class=\"elementor-icon-box-icon\">\n\t\t\t\t<span  class=\"elementor-icon\">\n\t\t\t\t<i aria-hidden=\"true\" class=\"fas fa-phone\"><\/i>\t\t\t\t<\/span>\n\t\t\t<\/div>\n\t\t\t\n\t\t\t\t\t\t<div class=\"elementor-icon-box-content\">\n\n\t\t\t\t\n\t\t\t\t\t\t\t\t\t<p class=\"elementor-icon-box-description\">\n\t\t\t\t\t\t0944 888 322\t\t\t\t\t<\/p>\n\t\t\t\t\n\t\t\t<\/div>\n\t\t\t\n\t\t<\/div>\n\t\t\t\t\t\t<\/div>\n\t\t\t\t<\/div>\n\t\t\t\t<div class=\"elementor-element elementor-element-8a88cae elementor-position-left elementor-vertical-align-bottom elementor-view-default elementor-mobile-position-top elementor-widget elementor-widget-icon-box\" data-id=\"8a88cae\" data-element_type=\"widget\" data-widget_type=\"icon-box.default\">\n\t\t\t\t<div class=\"elementor-widget-container\">\n\t\t\t\t\t\t\t<div class=\"elementor-icon-box-wrapper\">\n\n\t\t\t\t\t\t<div class=\"elementor-icon-box-icon\">\n\t\t\t\t<span  class=\"elementor-icon\">\n\t\t\t\t<i aria-hidden=\"true\" class=\"fas fa-envelope\"><\/i>\t\t\t\t<\/span>\n\t\t\t<\/div>\n\t\t\t\n\t\t\t\t\t\t<div class=\"elementor-icon-box-content\">\n\n\t\t\t\t\n\t\t\t\t\t\t\t\t\t<p class=\"elementor-icon-box-description\">\n\t\t\t\t\t\tservis@carway.sk\t\t\t\t\t<\/p>\n\t\t\t\t\n\t\t\t<\/div>\n\t\t\t\n\t\t<\/div>\n\t\t\t\t\t\t<\/div>\n\t\t\t\t<\/div>\n\t\t\t\t<div class=\"elementor-element elementor-element-3550d5f elementor-widget elementor-widget-text-editor\" data-id=\"3550d5f\" data-element_type=\"widget\" data-widget_type=\"text-editor.default\">\n\t\t\t\t<div class=\"elementor-widget-container\">\n\t\t\t\t\t\t\t\t\t<p>www.carway.sk<\/p>\t\t\t\t\t\t\t\t<\/div>\n\t\t\t\t<\/div>\n\t\t\t\t\t<\/div>\n\t\t<\/div>\n\t\t\t\t<div class=\"elementor-column elementor-col-33 elementor-top-column elementor-element elementor-element-5e45313\" data-id=\"5e45313\" data-element_type=\"column\">\n\t\t\t<div class=\"elementor-widget-wrap elementor-element-populated\">\n\t\t\t\t\t\t<div class=\"elementor-element elementor-element-9a86c32 elementor-widget elementor-widget-text-editor\" data-id=\"9a86c32\" data-element_type=\"widget\" data-widget_type=\"text-editor.default\">\n\t\t\t\t<div class=\"elementor-widget-container\">\n\t\t\t\t\t\t\t\t\t<p><strong>K\u00f6zpont:<\/strong><\/p><p>Europeexpress \u00e9p\u00fclet<strong><br \/><\/strong>Jozef Murga\u0161<br \/>\u00c9rsek\u00fajv\u00e1r<\/p><p><strong>K\u00f6zpont:<\/strong><\/p><p>Romira SK s.r.o.<br \/>Na piesku 17360\/6A 821 05<br \/>Bratislava &#8211; mestsk\u00e1 \u010das\u0165 Ru\u017einov<\/p><p>I\u010cO: 51793989<\/p><p>\u00a0<\/p>\t\t\t\t\t\t\t\t<\/div>\n\t\t\t\t<\/div>\n\t\t\t\t\t<\/div>\n\t\t<\/div>\n\t\t\t\t<div class=\"elementor-column elementor-col-33 elementor-top-column elementor-element elementor-element-cedc6b7\" data-id=\"cedc6b7\" data-element_type=\"column\">\n\t\t\t<div class=\"elementor-widget-wrap elementor-element-populated\">\n\t\t\t\t\t\t<div class=\"elementor-element elementor-element-2e2e44f elementor-widget elementor-widget-heading\" data-id=\"2e2e44f\" data-element_type=\"widget\" data-widget_type=\"heading.default\">\n\t\t\t\t<div class=\"elementor-widget-container\">\n\t\t\t\t\t<h2 class=\"elementor-heading-title elementor-size-default\">Nyitvatart\u00e1si id\u0151:<\/h2>\t\t\t\t<\/div>\n\t\t\t\t<\/div>\n\t\t\t\t<div class=\"elementor-element elementor-element-74f74e0 elementor-widget elementor-widget-text-editor\" data-id=\"74f74e0\" data-element_type=\"widget\" data-widget_type=\"text-editor.default\">\n\t\t\t\t<div class=\"elementor-widget-container\">\n\t\t\t\t\t\t\t\t\t<p>H\u00e9tf\u0151 \u2026\u2026\u2026\u2026\u2026\u2026\u2026\u2026\u2026 07:30-12:00 12:30-16:00<\/p><p>Kedd \u2026\u2026\u2026\u2026\u2026\u2026\u2026\u2026\u2026\u2026. 07:30-12:00 12:30-16:00<\/p><p>Szerda\u2026\u2026\u2026\u2026\u2026\u2026\u2026\u2026\u2026\u2026\u2026\u2026 07:30-12:00 \u00a012:30-16:00<\/p><p>Cs\u00fct\u00f6rt\u00f6k \u2026\u2026\u2026\u2026\u2026\u2026\u2026\u2026\u2026 07:30-12:00 12:30-16:00<\/p><p>P\u00e9ntek \u2026\u2026\u2026\u2026\u2026\u2026\u2026\u2026\u2026\u2026\u2026.. 07:30-12:00 12:30-16:00<\/p><p>Szombat \u2026\u2026\u2026\u2026\u2026\u2026\u2026\u2026. Z\u00c1RVA<\/p><p>Vas\u00e1rnap \u2026\u2026\u2026\u2026\u2026\u2026\u2026\u2026\u2026\u2026\u2026. Z\u00c1RVA<\/p>\t\t\t\t\t\t\t\t<\/div>\n\t\t\t\t<\/div>\n\t\t\t\t\t<\/div>\n\t\t<\/div>\n\t\t\t\t\t<\/div>\n\t\t<\/section>\n\t\t\t\t<section class=\"elementor-section elementor-top-section elementor-element elementor-element-7e49e81 elementor-section-boxed elementor-section-height-default elementor-section-height-default\" data-id=\"7e49e81\" data-element_type=\"section\">\n\t\t\t\t\t\t<div class=\"elementor-container elementor-column-gap-default\">\n\t\t\t\t\t<div class=\"elementor-column elementor-col-100 elementor-top-column elementor-element elementor-element-cb3c48e\" data-id=\"cb3c48e\" data-element_type=\"column\">\n\t\t\t<div class=\"elementor-widget-wrap elementor-element-populated\">\n\t\t\t\t\t\t<div class=\"elementor-element elementor-element-c61b034 elementor-align-center elementor-widget elementor-widget-button\" data-id=\"c61b034\" data-element_type=\"widget\" data-widget_type=\"button.default\">\n\t\t\t\t<div class=\"elementor-widget-container\">\n\t\t\t\t\t\t\t\t\t<div class=\"elementor-button-wrapper\">\n\t\t\t\t\t<a class=\"elementor-button elementor-button-link elementor-size-md\" href=\"https:\/\/www.facebook.com\/autoserviscarway\/\" target=\"_blank\">\n\t\t\t\t\t\t<span class=\"elementor-button-content-wrapper\">\n\t\t\t\t\t\t<span class=\"elementor-button-icon\">\n\t\t\t\t<i aria-hidden=\"true\" class=\"fab fa-facebook\"><\/i>\t\t\t<\/span>\n\t\t\t\t\t\t\t\t\t<span class=\"elementor-button-text\">A Facebookon is megtal\u00e1lsz minket<\/span>\n\t\t\t\t\t<\/span>\n\t\t\t\t\t<\/a>\n\t\t\t\t<\/div>\n\t\t\t\t\t\t\t\t<\/div>\n\t\t\t\t<\/div>\n\t\t\t\t\t<\/div>\n\t\t<\/div>\n\t\t\t\t\t<\/div>\n\t\t<\/section>\n\t\t\t\t<section class=\"elementor-section elementor-top-section elementor-element elementor-element-38fde1b elementor-section-full_width elementor-section-height-default elementor-section-height-default\" data-id=\"38fde1b\" data-element_type=\"section\">\n\t\t\t\t\t\t<div class=\"elementor-container elementor-column-gap-default\">\n\t\t\t\t\t<div class=\"elementor-column elementor-col-100 elementor-top-column elementor-element elementor-element-dd6cdcc\" data-id=\"dd6cdcc\" data-element_type=\"column\">\n\t\t\t<div class=\"elementor-widget-wrap elementor-element-populated\">\n\t\t\t\t\t\t<div class=\"elementor-element elementor-element-d8b51a5 elementor-widget elementor-widget-google_maps\" data-id=\"d8b51a5\" data-element_type=\"widget\" data-widget_type=\"google_maps.default\">\n\t\t\t\t<div class=\"elementor-widget-container\">\n\t\t\t\t\t\t\t<div class=\"elementor-custom-embed\">\n\t\t\t<iframe loading=\"lazy\"\n\t\t\t\t\tsrc=\"https:\/\/www.google.com\/maps\/embed\/v1\/place?key=AIzaSyAcLtfPVi7_wcn8hymA98PdMxRwyLgO9gc&#038;q=autoservis%20Nov%C3%A9%20Z%C3%A1mky%20carway&#038;zoom=16\"\n\t\t\t\t\ttitle=\"autoservis Nov\u00e9 Z\u00e1mky carway\"\n\t\t\t\t\taria-label=\"autoservis Nov\u00e9 Z\u00e1mky carway\"\n\t\t\t><\/iframe>\n\t\t<\/div>\n\t\t\t\t\t\t<\/div>\n\t\t\t\t<\/div>\n\t\t\t\t\t<\/div>\n\t\t<\/div>\n\t\t\t\t\t<\/div>\n\t\t<\/section>\n\t\t\t\t<\/div>","protected":false},"excerpt":{"rendered":"<p>Kontaktn\u00e9 \u00fadaje 0944 888 322 servis@carway.sk www.carway.sk Prev\u00e1dzka: Budova EuropeexpressJozefa Murga\u0161aNov\u00e9 Z\u00e1mky S\u00eddlo spolo\u010dnosti: Romira SK s.r.o.Na piesku 17360\/6A 821 05Bratislava &#8211; mestsk\u00e1 \u010das\u0165 Ru\u017einov I\u010cO: 51793989 \u00a0 Otv\u00e1racia doba: Pondelok &#8230;&#8230;&#8230;&#8230;&#8230;&#8230;&#8230;&#8230;&#8230; 07:30-12:00 \u00a012:30-16:00 Utorok &#8230;&#8230;&#8230;&#8230;&#8230;&#8230;&#8230;&#8230;&#8230;&#8230;. 07:30-12:00 \u00a012:30-16:00 Streda&#8230;&#8230;&#8230;&#8230;&#8230;&#8230;&#8230;&#8230;&#8230;&#8230;&#8230; 07:30-12:00 \u00a012:30-16:00 \u0160tvrtok &#8230;&#8230;&#8230;&#8230;&#8230;&#8230;&#8230;&#8230;&#8230;&#8230; 07:30-12:00 \u00a012:30-16:00 Piatok &#8230;&#8230;&#8230;&#8230;&#8230;&#8230;&#8230;&#8230;&#8230;&#8230;.. 07:30-12:00 \u00a012:30-16:00 Sobota &#8230;&#8230;&#8230;&#8230;&#8230;&#8230;&#8230;&#8230;&#8230;&#8230;. Zatvoren\u00e9 Nede\u013ea\u00a0&#8230;&#8230;&#8230;&#8230;&#8230;&#8230;&#8230;&#8230;&#8230;&#8230;. zatvoren\u00e9 N\u00e1jdete [&hellip;]<\/p>","protected":false},"author":1,"featured_media":0,"parent":0,"menu_order":0,"comment_status":"closed","ping_status":"closed","template":"","meta":{"inline_featured_image":false,"footnotes":""},"class_list":["post-45","page","type-page","status-publish","hentry"],"yoast_head":"<!-- This site is optimized with the Yoast SEO plugin v25.3.1 - https:\/\/yoast.com\/wordpress\/plugins\/seo\/ -->\n<title>Kontakt - Autoservis a Pneuservis Nov\u00e9 Z\u00e1mky<\/title>\n<meta name=\"robots\" content=\"index, follow, max-snippet:-1, max-image-preview:large, max-video-preview:-1\" \/>\n<link rel=\"canonical\" href=\"https:\/\/carway.sk\/hu\/kontakt\/\" \/>\n<meta property=\"og:locale\" content=\"hu_HU\" \/>\n<meta property=\"og:type\" content=\"article\" \/>\n<meta property=\"og:title\" content=\"Kontakt - Autoservis a Pneuservis Nov\u00e9 Z\u00e1mky\" \/>\n<meta property=\"og:description\" content=\"Kontaktn\u00e9 \u00fadaje 0944 888 322 servis@carway.sk www.carway.sk Prev\u00e1dzka: Budova EuropeexpressJozefa Murga\u0161aNov\u00e9 Z\u00e1mky S\u00eddlo spolo\u010dnosti: Romira SK s.r.o.Na piesku 17360\/6A 821 05Bratislava &#8211; mestsk\u00e1 \u010das\u0165 Ru\u017einov I\u010cO: 51793989 \u00a0 Otv\u00e1racia doba: Pondelok &#8230;&#8230;&#8230;&#8230;&#8230;&#8230;&#8230;&#8230;&#8230; 07:30-12:00 \u00a012:30-16:00 Utorok &#8230;&#8230;&#8230;&#8230;&#8230;&#8230;&#8230;&#8230;&#8230;&#8230;. 07:30-12:00 \u00a012:30-16:00 Streda&#8230;&#8230;&#8230;&#8230;&#8230;&#8230;&#8230;&#8230;&#8230;&#8230;&#8230; 07:30-12:00 \u00a012:30-16:00 \u0160tvrtok &#8230;&#8230;&#8230;&#8230;&#8230;&#8230;&#8230;&#8230;&#8230;&#8230; 07:30-12:00 \u00a012:30-16:00 Piatok &#8230;&#8230;&#8230;&#8230;&#8230;&#8230;&#8230;&#8230;&#8230;&#8230;.. 07:30-12:00 \u00a012:30-16:00 Sobota &#8230;&#8230;&#8230;&#8230;&#8230;&#8230;&#8230;&#8230;&#8230;&#8230;. Zatvoren\u00e9 Nede\u013ea\u00a0&#8230;&#8230;&#8230;&#8230;&#8230;&#8230;&#8230;&#8230;&#8230;&#8230;. zatvoren\u00e9 N\u00e1jdete [&hellip;]\" \/>\n<meta property=\"og:url\" content=\"https:\/\/carway.sk\/hu\/kontakt\/\" \/>\n<meta property=\"og:site_name\" content=\"Autoservis a Pneuservis Nov\u00e9 Z\u00e1mky\" \/>\n<meta property=\"article:publisher\" content=\"https:\/\/facebook.com\/autoserviscarway\" \/>\n<meta property=\"article:modified_time\" content=\"2023-08-10T14:00:53+00:00\" \/>\n<meta property=\"og:image\" content=\"https:\/\/carway.sk\/wp-content\/uploads\/2022\/05\/logo-carway.svg\" \/>\n<meta name=\"twitter:card\" content=\"summary_large_image\" \/>\n<meta name=\"twitter:label1\" content=\"Becs\u00fclt olvas\u00e1si id\u0151\" \/>\n\t<meta name=\"twitter:data1\" content=\"1 perc\" \/>\n<script type=\"application\/ld+json\" class=\"yoast-schema-graph\">{\"@context\":\"https:\/\/schema.org\",\"@graph\":[{\"@type\":\"WebPage\",\"@id\":\"https:\/\/carway.sk\/kontakt\/\",\"url\":\"https:\/\/carway.sk\/kontakt\/\",\"name\":\"Kontakt - Autoservis a Pneuservis Nov\u00e9 Z\u00e1mky\",\"isPartOf\":{\"@id\":\"https:\/\/carway.sk\/#website\"},\"primaryImageOfPage\":{\"@id\":\"https:\/\/carway.sk\/kontakt\/#primaryimage\"},\"image\":{\"@id\":\"https:\/\/carway.sk\/kontakt\/#primaryimage\"},\"thumbnailUrl\":\"https:\/\/carway.sk\/wp-content\/uploads\/2022\/05\/logo-carway.svg\",\"datePublished\":\"2022-05-09T21:59:48+00:00\",\"dateModified\":\"2023-08-10T14:00:53+00:00\",\"breadcrumb\":{\"@id\":\"https:\/\/carway.sk\/kontakt\/#breadcrumb\"},\"inLanguage\":\"hu\",\"potentialAction\":[{\"@type\":\"ReadAction\",\"target\":[\"https:\/\/carway.sk\/kontakt\/\"]}]},{\"@type\":\"ImageObject\",\"inLanguage\":\"hu\",\"@id\":\"https:\/\/carway.sk\/kontakt\/#primaryimage\",\"url\":\"https:\/\/carway.sk\/wp-content\/uploads\/2022\/05\/logo-carway.svg\",\"contentUrl\":\"https:\/\/carway.sk\/wp-content\/uploads\/2022\/05\/logo-carway.svg\"},{\"@type\":\"BreadcrumbList\",\"@id\":\"https:\/\/carway.sk\/kontakt\/#breadcrumb\",\"itemListElement\":[{\"@type\":\"ListItem\",\"position\":1,\"name\":\"Domovsk\u00e1 str\u00e1nka\",\"item\":\"https:\/\/carway.sk\/\"},{\"@type\":\"ListItem\",\"position\":2,\"name\":\"Kontakt\"}]},{\"@type\":\"WebSite\",\"@id\":\"https:\/\/carway.sk\/#website\",\"url\":\"https:\/\/carway.sk\/\",\"name\":\"Autoservis a Pneuservis Nov\u00e9 Z\u00e1mky\",\"description\":\"Pneuservis\",\"publisher\":{\"@id\":\"https:\/\/carway.sk\/#organization\"},\"potentialAction\":[{\"@type\":\"SearchAction\",\"target\":{\"@type\":\"EntryPoint\",\"urlTemplate\":\"https:\/\/carway.sk\/?s={search_term_string}\"},\"query-input\":{\"@type\":\"PropertyValueSpecification\",\"valueRequired\":true,\"valueName\":\"search_term_string\"}}],\"inLanguage\":\"hu\"},{\"@type\":\"Organization\",\"@id\":\"https:\/\/carway.sk\/#organization\",\"name\":\"Autoservis a Pneuservis Nov\u00e9 Z\u00e1mky\",\"url\":\"https:\/\/carway.sk\/\",\"logo\":{\"@type\":\"ImageObject\",\"inLanguage\":\"hu\",\"@id\":\"https:\/\/carway.sk\/#\/schema\/logo\/image\/\",\"url\":\"https:\/\/carway.sk\/wp-content\/uploads\/2022\/05\/carway-logoheadline.svg\",\"contentUrl\":\"https:\/\/carway.sk\/wp-content\/uploads\/2022\/05\/carway-logoheadline.svg\",\"width\":482,\"height\":187,\"caption\":\"Autoservis a Pneuservis Nov\u00e9 Z\u00e1mky\"},\"image\":{\"@id\":\"https:\/\/carway.sk\/#\/schema\/logo\/image\/\"},\"sameAs\":[\"https:\/\/facebook.com\/autoserviscarway\",\"https:\/\/www.instagram.com\/carwayservis\/\"]}]}<\/script>\n<!-- \/ Yoast SEO plugin. -->","yoast_head_json":{"title":"Kontakt - Autoservis a Pneuservis Nov\u00e9 Z\u00e1mky","robots":{"index":"index","follow":"follow","max-snippet":"max-snippet:-1","max-image-preview":"max-image-preview:large","max-video-preview":"max-video-preview:-1"},"canonical":"https:\/\/carway.sk\/hu\/kontakt\/","og_locale":"hu_HU","og_type":"article","og_title":"Kontakt - Autoservis a Pneuservis Nov\u00e9 Z\u00e1mky","og_description":"Kontaktn\u00e9 \u00fadaje 0944 888 322 servis@carway.sk www.carway.sk Prev\u00e1dzka: Budova EuropeexpressJozefa Murga\u0161aNov\u00e9 Z\u00e1mky S\u00eddlo spolo\u010dnosti: Romira SK s.r.o.Na piesku 17360\/6A 821 05Bratislava &#8211; mestsk\u00e1 \u010das\u0165 Ru\u017einov I\u010cO: 51793989 \u00a0 Otv\u00e1racia doba: Pondelok &#8230;&#8230;&#8230;&#8230;&#8230;&#8230;&#8230;&#8230;&#8230; 07:30-12:00 \u00a012:30-16:00 Utorok &#8230;&#8230;&#8230;&#8230;&#8230;&#8230;&#8230;&#8230;&#8230;&#8230;. 07:30-12:00 \u00a012:30-16:00 Streda&#8230;&#8230;&#8230;&#8230;&#8230;&#8230;&#8230;&#8230;&#8230;&#8230;&#8230; 07:30-12:00 \u00a012:30-16:00 \u0160tvrtok &#8230;&#8230;&#8230;&#8230;&#8230;&#8230;&#8230;&#8230;&#8230;&#8230; 07:30-12:00 \u00a012:30-16:00 Piatok &#8230;&#8230;&#8230;&#8230;&#8230;&#8230;&#8230;&#8230;&#8230;&#8230;.. 07:30-12:00 \u00a012:30-16:00 Sobota &#8230;&#8230;&#8230;&#8230;&#8230;&#8230;&#8230;&#8230;&#8230;&#8230;. Zatvoren\u00e9 Nede\u013ea\u00a0&#8230;&#8230;&#8230;&#8230;&#8230;&#8230;&#8230;&#8230;&#8230;&#8230;. zatvoren\u00e9 N\u00e1jdete [&hellip;]","og_url":"https:\/\/carway.sk\/hu\/kontakt\/","og_site_name":"Autoservis a Pneuservis Nov\u00e9 Z\u00e1mky","article_publisher":"https:\/\/facebook.com\/autoserviscarway","article_modified_time":"2023-08-10T14:00:53+00:00","og_image":[{"url":"https:\/\/carway.sk\/wp-content\/uploads\/2022\/05\/logo-carway.svg","type":"","width":"","height":""}],"twitter_card":"summary_large_image","twitter_misc":{"Becs\u00fclt olvas\u00e1si id\u0151":"1 perc"},"schema":{"@context":"https:\/\/schema.org","@graph":[{"@type":"WebPage","@id":"https:\/\/carway.sk\/kontakt\/","url":"https:\/\/carway.sk\/kontakt\/","name":"Kontakt - Autoservis a Pneuservis Nov\u00e9 Z\u00e1mky","isPartOf":{"@id":"https:\/\/carway.sk\/#website"},"primaryImageOfPage":{"@id":"https:\/\/carway.sk\/kontakt\/#primaryimage"},"image":{"@id":"https:\/\/carway.sk\/kontakt\/#primaryimage"},"thumbnailUrl":"https:\/\/carway.sk\/wp-content\/uploads\/2022\/05\/logo-carway.svg","datePublished":"2022-05-09T21:59:48+00:00","dateModified":"2023-08-10T14:00:53+00:00","breadcrumb":{"@id":"https:\/\/carway.sk\/kontakt\/#breadcrumb"},"inLanguage":"hu","potentialAction":[{"@type":"ReadAction","target":["https:\/\/carway.sk\/kontakt\/"]}]},{"@type":"ImageObject","inLanguage":"hu","@id":"https:\/\/carway.sk\/kontakt\/#primaryimage","url":"https:\/\/carway.sk\/wp-content\/uploads\/2022\/05\/logo-carway.svg","contentUrl":"https:\/\/carway.sk\/wp-content\/uploads\/2022\/05\/logo-carway.svg"},{"@type":"BreadcrumbList","@id":"https:\/\/carway.sk\/kontakt\/#breadcrumb","itemListElement":[{"@type":"ListItem","position":1,"name":"Domovsk\u00e1 str\u00e1nka","item":"https:\/\/carway.sk\/"},{"@type":"ListItem","position":2,"name":"Kontakt"}]},{"@type":"WebSite","@id":"https:\/\/carway.sk\/#website","url":"https:\/\/carway.sk\/","name":"Autoservis a Pneuservis Nov\u00e9 Z\u00e1mky","description":"Pneuservis","publisher":{"@id":"https:\/\/carway.sk\/#organization"},"potentialAction":[{"@type":"SearchAction","target":{"@type":"EntryPoint","urlTemplate":"https:\/\/carway.sk\/?s={search_term_string}"},"query-input":{"@type":"PropertyValueSpecification","valueRequired":true,"valueName":"search_term_string"}}],"inLanguage":"hu"},{"@type":"Organization","@id":"https:\/\/carway.sk\/#organization","name":"Autoservis a Pneuservis Nov\u00e9 Z\u00e1mky","url":"https:\/\/carway.sk\/","logo":{"@type":"ImageObject","inLanguage":"hu","@id":"https:\/\/carway.sk\/#\/schema\/logo\/image\/","url":"https:\/\/carway.sk\/wp-content\/uploads\/2022\/05\/carway-logoheadline.svg","contentUrl":"https:\/\/carway.sk\/wp-content\/uploads\/2022\/05\/carway-logoheadline.svg","width":482,"height":187,"caption":"Autoservis a Pneuservis Nov\u00e9 Z\u00e1mky"},"image":{"@id":"https:\/\/carway.sk\/#\/schema\/logo\/image\/"},"sameAs":["https:\/\/facebook.com\/autoserviscarway","https:\/\/www.instagram.com\/carwayservis\/"]}]}},"_links":{"self":[{"href":"https:\/\/carway.sk\/hu\/wp-json\/wp\/v2\/pages\/45","targetHints":{"allow":["GET"]}}],"collection":[{"href":"https:\/\/carway.sk\/hu\/wp-json\/wp\/v2\/pages"}],"about":[{"href":"https:\/\/carway.sk\/hu\/wp-json\/wp\/v2\/types\/page"}],"author":[{"embeddable":true,"href":"https:\/\/carway.sk\/hu\/wp-json\/wp\/v2\/users\/1"}],"replies":[{"embeddable":true,"href":"https:\/\/carway.sk\/hu\/wp-json\/wp\/v2\/comments?post=45"}],"version-history":[{"count":91,"href":"https:\/\/carway.sk\/hu\/wp-json\/wp\/v2\/pages\/45\/revisions"}],"predecessor-version":[{"id":1252,"href":"https:\/\/carway.sk\/hu\/wp-json\/wp\/v2\/pages\/45\/revisions\/1252"}],"wp:attachment":[{"href":"https:\/\/carway.sk\/hu\/wp-json\/wp\/v2\/media?parent=45"}],"curies":[{"name":"wp","href":"https:\/\/api.w.org\/{rel}","templated":true}]}}