{"id":41,"date":"2022-05-09T21:59:18","date_gmt":"2022-05-09T21:59:18","guid":{"rendered":"https:\/\/carway.sk\/?page_id=41"},"modified":"2022-11-07T14:10:27","modified_gmt":"2022-11-07T14:10:27","slug":"rezervacia-servisu","status":"publish","type":"page","link":"https:\/\/carway.sk\/hu\/rezervacia-servisu\/","title":{"rendered":"Szolg\u00e1ltat\u00e1s foglal\u00e1s"},"content":{"rendered":"<div data-elementor-type=\"wp-page\" data-elementor-id=\"41\" class=\"elementor elementor-41\" data-elementor-post-type=\"page\">\n\t\t\t\t\t\t<section class=\"elementor-section elementor-top-section elementor-element elementor-element-dd15db1 elementor-section-full_width elementor-section-height-min-height elementor-section-height-default elementor-section-items-middle\" data-id=\"dd15db1\" data-element_type=\"section\" data-settings=\"{&quot;background_background&quot;:&quot;classic&quot;,&quot;shape_divider_bottom&quot;:&quot;opacity-fan&quot;}\">\n\t\t\t\t\t\t\t<div class=\"elementor-background-overlay\"><\/div>\n\t\t\t\t\t\t<div class=\"elementor-shape elementor-shape-bottom\" aria-hidden=\"true\" data-negative=\"false\">\n\t\t\t<svg xmlns=\"http:\/\/www.w3.org\/2000\/svg\" viewbox=\"0 0 283.5 19.6\" preserveaspectratio=\"none\">\n\t<path class=\"elementor-shape-fill\" style=\"opacity:0.33\" d=\"M0 0L0 18.8 141.8 4.1 283.5 18.8 283.5 0z\"\/>\n\t<path class=\"elementor-shape-fill\" style=\"opacity:0.33\" d=\"M0 0L0 12.6 141.8 4 283.5 12.6 283.5 0z\"\/>\n\t<path class=\"elementor-shape-fill\" style=\"opacity:0.33\" d=\"M0 0L0 6.4 141.8 4 283.5 6.4 283.5 0z\"\/>\n\t<path class=\"elementor-shape-fill\" d=\"M0 0L0 1.2 141.8 4 283.5 1.2 283.5 0z\"\/>\n<\/svg>\t\t<\/div>\n\t\t\t\t\t<div class=\"elementor-container elementor-column-gap-default\">\n\t\t\t\t\t<div class=\"elementor-column elementor-col-100 elementor-top-column elementor-element elementor-element-5b128a7\" data-id=\"5b128a7\" data-element_type=\"column\">\n\t\t\t<div class=\"elementor-widget-wrap elementor-element-populated\">\n\t\t\t\t\t\t<div class=\"elementor-element elementor-element-60c1b5e elementor-widget elementor-widget-heading\" data-id=\"60c1b5e\" data-element_type=\"widget\" data-widget_type=\"heading.default\">\n\t\t\t\t<div class=\"elementor-widget-container\">\n\t\t\t\t\t<h2 class=\"elementor-heading-title elementor-size-default\">Foglaljon szolg\u00e1ltat\u00e1st<\/h2>\t\t\t\t<\/div>\n\t\t\t\t<\/div>\n\t\t\t\t\t<\/div>\n\t\t<\/div>\n\t\t\t\t\t<\/div>\n\t\t<\/section>\n\t\t\t\t<section class=\"elementor-section elementor-top-section elementor-element elementor-element-219a460 elementor-section-boxed elementor-section-height-default elementor-section-height-default\" data-id=\"219a460\" data-element_type=\"section\">\n\t\t\t\t\t\t<div class=\"elementor-container elementor-column-gap-default\">\n\t\t\t\t\t<div class=\"elementor-column elementor-col-100 elementor-top-column elementor-element elementor-element-92186ab\" data-id=\"92186ab\" data-element_type=\"column\">\n\t\t\t<div class=\"elementor-widget-wrap elementor-element-populated\">\n\t\t\t\t\t\t<div class=\"elementor-element elementor-element-a640fab elementor-widget elementor-widget-html\" data-id=\"a640fab\" data-element_type=\"widget\" data-widget_type=\"html.default\">\n\t\t\t\t<div class=\"elementor-widget-container\">\n\t\t\t\t\t<script type=\"text\/javascript\" src=\"https:\/\/bookio-services-eu.s3.eu-central-1.amazonaws.com\/assets\/widget.bookio.js\"><\/script> <iframe id=\"bookio-iframe\" src=\"https:\/\/services.bookio.com\/autoservis-carway\/widget?lang=sk\" width=\"100%\" onload=\"initBookioWidget()\" scrolling=\"no\"><\/iframe>\t\t\t\t<\/div>\n\t\t\t\t<\/div>\n\t\t\t\t\t<\/div>\n\t\t<\/div>\n\t\t\t\t\t<\/div>\n\t\t<\/section>\n\t\t\t\t<section class=\"elementor-section elementor-top-section elementor-element elementor-element-55c53b1 elementor-section-boxed elementor-section-height-default elementor-section-height-default\" data-id=\"55c53b1\" data-element_type=\"section\">\n\t\t\t\t\t\t<div class=\"elementor-container elementor-column-gap-default\">\n\t\t\t\t\t<div class=\"elementor-column elementor-col-100 elementor-top-column elementor-element elementor-element-07e07fa\" data-id=\"07e07fa\" data-element_type=\"column\">\n\t\t\t<div class=\"elementor-widget-wrap elementor-element-populated\">\n\t\t\t\t\t\t<div class=\"elementor-element elementor-element-c384336 elementor-view-default elementor-position-top elementor-mobile-position-top elementor-widget elementor-widget-icon-box\" data-id=\"c384336\" data-element_type=\"widget\" data-widget_type=\"icon-box.default\">\n\t\t\t\t<div class=\"elementor-widget-container\">\n\t\t\t\t\t\t\t<div class=\"elementor-icon-box-wrapper\">\n\n\t\t\t\t\t\t<div class=\"elementor-icon-box-icon\">\n\t\t\t\t<span  class=\"elementor-icon\">\n\t\t\t\t<i aria-hidden=\"true\" class=\"fas fa-car\"><\/i>\t\t\t\t<\/span>\n\t\t\t<\/div>\n\t\t\t\n\t\t\t\t\t\t<div class=\"elementor-icon-box-content\">\n\n\t\t\t\t\t\t\t\t\t<h3 class=\"elementor-icon-box-title\">\n\t\t\t\t\t\t<span  >\n\t\t\t\t\t\t\tJ\u00e1rm\u0171felv\u00e9tel is el\u00e9rhet\u0151\t\t\t\t\t\t<\/span>\n\t\t\t\t\t<\/h3>\n\t\t\t\t\n\t\t\t\t\t\t\t\t\t<p class=\"elementor-icon-box-description\">\n\t\t\t\t\t\tHa szeretn\u00e9, hogy j\u00e1rm\u0171v\u00e9t szerel\u0151ink \u00dajv\u00e1r v\u00e1ros\u00e1n bel\u00fcl vegy\u00e9k \u00e1t, k\u00e9rj\u00fck, adja meg a\nmegjegyz\u00e9sben az \u00e1tv\u00e9tel hely\u00e9t \u00e9s idej\u00e9t. Az \u00e1tv\u00e9tel <b>15\u20ac.<\/b>\t\t\t\t\t<\/p>\n\t\t\t\t\n\t\t\t<\/div>\n\t\t\t\n\t\t<\/div>\n\t\t\t\t\t\t<\/div>\n\t\t\t\t<\/div>\n\t\t\t\t\t<\/div>\n\t\t<\/div>\n\t\t\t\t\t<\/div>\n\t\t<\/section>\n\t\t\t\t<section class=\"elementor-section elementor-top-section elementor-element elementor-element-692cb6c elementor-section-boxed elementor-section-height-default elementor-section-height-default\" data-id=\"692cb6c\" data-element_type=\"section\">\n\t\t\t\t\t\t<div class=\"elementor-container elementor-column-gap-default\">\n\t\t\t\t\t<div class=\"elementor-column elementor-col-100 elementor-top-column elementor-element elementor-element-a812c98\" data-id=\"a812c98\" data-element_type=\"column\">\n\t\t\t<div class=\"elementor-widget-wrap elementor-element-populated\">\n\t\t\t\t\t\t<div class=\"elementor-element elementor-element-76b260f elementor-view-default elementor-position-top elementor-mobile-position-top elementor-widget elementor-widget-icon-box\" data-id=\"76b260f\" data-element_type=\"widget\" data-widget_type=\"icon-box.default\">\n\t\t\t\t<div class=\"elementor-widget-container\">\n\t\t\t\t\t\t\t<div class=\"elementor-icon-box-wrapper\">\n\n\t\t\t\t\t\t<div class=\"elementor-icon-box-icon\">\n\t\t\t\t<span  class=\"elementor-icon\">\n\t\t\t\t<svg xmlns=\"http:\/\/www.w3.org\/2000\/svg\" xmlns:xlink=\"http:\/\/www.w3.org\/1999\/xlink\" id=\"Layer_1\" x=\"0px\" y=\"0px\" width=\"413.62px\" height=\"374.59px\" viewbox=\"0 0 413.62 374.59\" xml:space=\"preserve\"><g>\t<path fill=\"#010101\" d=\"M254.85,227.03c0-26.74-0.11-53.47,0.09-80.21c0.04-5.41-1.87-9.4-5.31-13.41  c-19.1-22.3-24.16-47.43-13.31-74.91c5.77-14.63,16.04-26.03,29.36-34.54c2.53-1.61,5.2-2.99,8.05-3.89  c2.95-0.94,4.83,0.43,5.1,3.56c0.07,0.87,0.02,1.75,0.02,2.62c0,18.49,0.08,36.98-0.05,55.47c-0.04,6.35,2.49,10.73,8.26,13.36  c3.4,1.55,6.72,3.28,10.05,4.98c3.84,1.96,7.65,1.95,11.48,0.01c3.45-1.74,6.87-3.53,10.37-5.16c5.47-2.55,7.94-6.74,7.91-12.79  c-0.1-18.74-0.04-37.48-0.04-56.22c0-6.15,2.01-7.66,7.55-4.85c21.78,11.06,35.45,28.7,39.47,52.72c3.85,23-2.76,43.47-18.67,60.71  c-3.04,3.3-4.43,6.95-4.42,11.49c0.08,53.47,0.08,106.94,0.02,160.42c-0.03,23.34-15.92,42.91-38.4,47.54  c-29.21,6.02-57.09-16.43-57.51-46.31c0-0.25-0.01-0.5-0.01-0.75C254.85,280.25,254.85,253.64,254.85,227.03z M320.86,307.07  c0.07-10.08-7.91-18.18-17.92-18.19c-9.79-0.01-17.91,8-18.03,17.78c-0.12,9.9,8.07,18.18,18,18.19  C312.75,324.87,320.79,316.9,320.86,307.07z\"><\/path>\t<path d=\"M105.4,150.94c40.77,0,80.88,0.06,120.98-0.1c3.81-0.02,4.65,0.93,4.58,4.63c-0.25,13.49-0.17,26.99-0.03,40.48  c0.03,2.52-0.73,3.04-3.1,3.02c-18.37-0.1-36.74-0.06-55.1-0.05c-8.35,0-13.79,4.69-13.85,11.89c-0.06,7.33,5.47,12.1,14.03,12.1  c18.24,0.01,36.49,0.06,54.73-0.06c2.57-0.02,3.33,0.53,3.3,3.22c-0.15,13.87-0.14,27.74-0.01,41.6c0.03,2.59-0.57,3.3-3.23,3.29  c-25.74-0.11-51.48-0.02-77.22-0.13c-2.83-0.01-3.75,0.56-3.69,3.59c0.21,10.49,0.12,20.99,0.07,31.48  c-0.06,14.68-10.32,24.91-25.02,24.96c-11.37,0.04-22.74,0.04-34.11,0c-14.46-0.06-24.76-10.34-24.82-24.78  c-0.05-12.87-0.06-25.74,0.03-38.61c0.01-2.17-0.47-3.52-2.42-4.86c-14.18-9.71-21.6-23.21-21.56-40.47  c0.02-9.98-0.85-20.01,0.54-29.94c2.02-14.44,9.53-25.53,21.71-33.39c2.45-1.58,3.97-3.44,5.08-6.07  c7.77-18.34,15.61-36.65,23.53-54.93c8.87-20.49,24.57-30.75,46.87-30.81c22.87-0.06,45.73,0.06,68.6-0.1  c3.16-0.02,3.36,0.97,2.89,3.57c-1.79,9.8-1.78,19.63,0.03,29.43c0.43,2.33,0.06,3.16-2.61,3.14c-22.99-0.12-45.98,0.02-68.97-0.12  c-6.69-0.04-11.07,2.68-13.74,8.79C117.21,124.68,111.36,137.58,105.4,150.94z M134.86,211.11c0.08-16.56-13.27-30.09-29.77-30.18  c-16.56-0.08-30.1,13.27-30.18,29.77c-0.08,16.55,13.29,30.1,29.77,30.18C121.23,240.98,134.78,227.61,134.86,211.11z\"><\/path><\/g><\/svg>\t\t\t\t<\/span>\n\t\t\t<\/div>\n\t\t\t\n\t\t\t\t\t\t<div class=\"elementor-icon-box-content\">\n\n\t\t\t\t\t\t\t\t\t<h3 class=\"elementor-icon-box-title\">\n\t\t\t\t\t\t<span  >\n\t\t\t\t\t\t\tFoglaljon rezerv\u00e1ci\u00f3t, vagy h\u00edvjon minket, hogy szerviz id\u0151pontot egyeztess\u00fcnk.\t\t\t\t\t\t<\/span>\n\t\t\t\t\t<\/h3>\n\t\t\t\t\n\t\t\t\t\n\t\t\t<\/div>\n\t\t\t\n\t\t<\/div>\n\t\t\t\t\t\t<\/div>\n\t\t\t\t<\/div>\n\t\t\t\t<div class=\"elementor-element elementor-element-1f74e6c elementor-position-top elementor-view-default elementor-mobile-position-top elementor-widget elementor-widget-icon-box\" data-id=\"1f74e6c\" data-element_type=\"widget\" data-widget_type=\"icon-box.default\">\n\t\t\t\t<div class=\"elementor-widget-container\">\n\t\t\t\t\t\t\t<div class=\"elementor-icon-box-wrapper\">\n\n\t\t\t\t\t\t<div class=\"elementor-icon-box-icon\">\n\t\t\t\t<span  class=\"elementor-icon\">\n\t\t\t\t<i aria-hidden=\"true\" class=\"fas fa-phone\"><\/i>\t\t\t\t<\/span>\n\t\t\t<\/div>\n\t\t\t\n\t\t\t\t\t\t<div class=\"elementor-icon-box-content\">\n\n\t\t\t\t\t\t\t\t\t<h3 class=\"elementor-icon-box-title\">\n\t\t\t\t\t\t<span  >\n\t\t\t\t\t\t\t0944 888 322\t\t\t\t\t\t<\/span>\n\t\t\t\t\t<\/h3>\n\t\t\t\t\n\t\t\t\t\n\t\t\t<\/div>\n\t\t\t\n\t\t<\/div>\n\t\t\t\t\t\t<\/div>\n\t\t\t\t<\/div>\n\t\t\t\t\t<\/div>\n\t\t<\/div>\n\t\t\t\t\t<\/div>\n\t\t<\/section>\n\t\t\t\t<section class=\"elementor-section elementor-top-section elementor-element elementor-element-017c63a elementor-section-full_width elementor-section-height-default elementor-section-height-default\" data-id=\"017c63a\" data-element_type=\"section\" data-settings=\"{&quot;background_background&quot;:&quot;classic&quot;}\">\n\t\t\t\t\t\t<div class=\"elementor-container elementor-column-gap-default\">\n\t\t\t\t\t<div class=\"elementor-column elementor-col-100 elementor-top-column elementor-element elementor-element-4459650\" data-id=\"4459650\" data-element_type=\"column\">\n\t\t\t<div class=\"elementor-widget-wrap elementor-element-populated\">\n\t\t\t\t\t\t<div class=\"elementor-element elementor-element-0bc9c0b elementor-cta--skin-classic elementor-animated-content elementor-bg-transform elementor-bg-transform-zoom-in elementor-widget elementor-widget-call-to-action\" data-id=\"0bc9c0b\" data-element_type=\"widget\" data-widget_type=\"call-to-action.default\">\n\t\t\t\t<div class=\"elementor-widget-container\">\n\t\t\t\t\t\t\t<div class=\"elementor-cta\">\n\t\t\t\t\t\t\t<div class=\"elementor-cta__content\">\n\t\t\t\t\t\t\t\t\t<div class=\"elementor-content-item elementor-cta__content-item elementor-icon-wrapper elementor-cta__icon elementor-view-default\">\n\t\t\t\t\t\t<div class=\"elementor-icon\">\n\t\t\t\t\t\t\t<i aria-hidden=\"true\" class=\"far fa-question-circle\"><\/i>\t\t\t\t\t\t<\/div>\n\t\t\t\t\t<\/div>\n\t\t\t\t\n\t\t\t\t\t\t\t\t\t<h2 class=\"elementor-cta__title elementor-cta__content-item elementor-content-item\">\n\t\t\t\t\t\tSz\u00fcks\u00e9ge van \u00fajabb id\u0151pontra?\t\t\t\t\t<\/h2>\n\t\t\t\t\n\t\t\t\t\t\t\t\t\t<div class=\"elementor-cta__description elementor-cta__content-item elementor-content-item\">\n\t\t\t\t\t\tHa b\u00e1rmilyen k\u00e9rd\u00e9se van a szolg\u00e1ltat\u00e1s lefoglal\u00e1s\u00e1val kapcsolatban, ne habozzon kapcsolatba l\u00e9pni vel\u00fcnk.\t\t\t\t\t<\/div>\n\t\t\t\t\n\t\t\t\t\t\t\t\t\t<div class=\"elementor-cta__button-wrapper elementor-cta__content-item elementor-content-item\">\n\t\t\t\t\t<a class=\"elementor-cta__button elementor-button elementor-size-\" href=\"https:\/\/carway.sk\/hu\/kontakt\/\">\n\t\t\t\t\t\tL\u00e9pjen kapcsolatba vel\u00fcnk\t\t\t\t\t<\/a>\n\t\t\t\t\t<\/div>\n\t\t\t\t\t\t\t<\/div>\n\t\t\t\t\t\t<\/div>\n\t\t\t\t\t\t<\/div>\n\t\t\t\t<\/div>\n\t\t\t\t\t<\/div>\n\t\t<\/div>\n\t\t\t\t\t<\/div>\n\t\t<\/section>\n\t\t\t\t<\/div>","protected":false},"excerpt":{"rendered":"<p>Objednajte sa na servis V ponuke aj vyzdvihnutie vozidla Ak si prajete vyzdvihnutie vozdla na\u0161imi technikmi v r\u00e1mci mesta Nov\u00e9 Z\u00e1mky, zadajte do pozn\u00e1mky miesto a \u010das vyzdvihnutia. Vyzdvihnutie je spoplatnen\u00e9 sumou 15\u20ac. Vytvorte si rezerv\u00e1ciu alebo n\u00e1m zavolajte a dohodnite si term\u00edn na servis 0944 888 322 Potrebujete in\u00fd term\u00edn? Ak m\u00e1te ak\u00e9ko\u013evek ot\u00e1zky [&hellip;]<\/p>","protected":false},"author":1,"featured_media":0,"parent":0,"menu_order":0,"comment_status":"closed","ping_status":"closed","template":"","meta":{"inline_featured_image":false,"footnotes":""},"class_list":["post-41","page","type-page","status-publish","hentry"],"yoast_head":"<!-- This site is optimized with the Yoast SEO plugin v25.3.1 - https:\/\/yoast.com\/wordpress\/plugins\/seo\/ -->\n<title>Rezerv\u00e1cia servisu - Autoservis a Pneuservis Nov\u00e9 Z\u00e1mky<\/title>\n<meta name=\"robots\" content=\"index, follow, max-snippet:-1, max-image-preview:large, max-video-preview:-1\" \/>\n<link rel=\"canonical\" href=\"https:\/\/carway.sk\/hu\/rezervacia-servisu\/\" \/>\n<meta property=\"og:locale\" content=\"hu_HU\" \/>\n<meta property=\"og:type\" content=\"article\" \/>\n<meta property=\"og:title\" content=\"Rezerv\u00e1cia servisu - Autoservis a Pneuservis Nov\u00e9 Z\u00e1mky\" \/>\n<meta property=\"og:description\" content=\"Objednajte sa na servis V ponuke aj vyzdvihnutie vozidla Ak si prajete vyzdvihnutie vozdla na\u0161imi technikmi v r\u00e1mci mesta Nov\u00e9 Z\u00e1mky, zadajte do pozn\u00e1mky miesto a \u010das vyzdvihnutia. Vyzdvihnutie je spoplatnen\u00e9 sumou 15\u20ac. Vytvorte si rezerv\u00e1ciu alebo n\u00e1m zavolajte a dohodnite si term\u00edn na servis 0944 888 322 Potrebujete in\u00fd term\u00edn? Ak m\u00e1te ak\u00e9ko\u013evek ot\u00e1zky [&hellip;]\" \/>\n<meta property=\"og:url\" content=\"https:\/\/carway.sk\/hu\/rezervacia-servisu\/\" \/>\n<meta property=\"og:site_name\" content=\"Autoservis a Pneuservis Nov\u00e9 Z\u00e1mky\" \/>\n<meta property=\"article:publisher\" content=\"https:\/\/facebook.com\/autoserviscarway\" \/>\n<meta property=\"article:modified_time\" content=\"2022-11-07T14:10:27+00:00\" \/>\n<meta name=\"twitter:card\" content=\"summary_large_image\" \/>\n<script type=\"application\/ld+json\" class=\"yoast-schema-graph\">{\"@context\":\"https:\/\/schema.org\",\"@graph\":[{\"@type\":\"WebPage\",\"@id\":\"https:\/\/carway.sk\/rezervacia-servisu\/\",\"url\":\"https:\/\/carway.sk\/rezervacia-servisu\/\",\"name\":\"Rezerv\u00e1cia servisu - Autoservis a Pneuservis Nov\u00e9 Z\u00e1mky\",\"isPartOf\":{\"@id\":\"https:\/\/carway.sk\/#website\"},\"datePublished\":\"2022-05-09T21:59:18+00:00\",\"dateModified\":\"2022-11-07T14:10:27+00:00\",\"breadcrumb\":{\"@id\":\"https:\/\/carway.sk\/rezervacia-servisu\/#breadcrumb\"},\"inLanguage\":\"hu\",\"potentialAction\":[{\"@type\":\"ReadAction\",\"target\":[\"https:\/\/carway.sk\/rezervacia-servisu\/\"]}]},{\"@type\":\"BreadcrumbList\",\"@id\":\"https:\/\/carway.sk\/rezervacia-servisu\/#breadcrumb\",\"itemListElement\":[{\"@type\":\"ListItem\",\"position\":1,\"name\":\"Domovsk\u00e1 str\u00e1nka\",\"item\":\"https:\/\/carway.sk\/\"},{\"@type\":\"ListItem\",\"position\":2,\"name\":\"Rezerv\u00e1cia servisu\"}]},{\"@type\":\"WebSite\",\"@id\":\"https:\/\/carway.sk\/#website\",\"url\":\"https:\/\/carway.sk\/\",\"name\":\"Autoservis a Pneuservis Nov\u00e9 Z\u00e1mky\",\"description\":\"Pneuservis\",\"publisher\":{\"@id\":\"https:\/\/carway.sk\/#organization\"},\"potentialAction\":[{\"@type\":\"SearchAction\",\"target\":{\"@type\":\"EntryPoint\",\"urlTemplate\":\"https:\/\/carway.sk\/?s={search_term_string}\"},\"query-input\":{\"@type\":\"PropertyValueSpecification\",\"valueRequired\":true,\"valueName\":\"search_term_string\"}}],\"inLanguage\":\"hu\"},{\"@type\":\"Organization\",\"@id\":\"https:\/\/carway.sk\/#organization\",\"name\":\"Autoservis a Pneuservis Nov\u00e9 Z\u00e1mky\",\"url\":\"https:\/\/carway.sk\/\",\"logo\":{\"@type\":\"ImageObject\",\"inLanguage\":\"hu\",\"@id\":\"https:\/\/carway.sk\/#\/schema\/logo\/image\/\",\"url\":\"https:\/\/carway.sk\/wp-content\/uploads\/2022\/05\/carway-logoheadline.svg\",\"contentUrl\":\"https:\/\/carway.sk\/wp-content\/uploads\/2022\/05\/carway-logoheadline.svg\",\"width\":482,\"height\":187,\"caption\":\"Autoservis a Pneuservis Nov\u00e9 Z\u00e1mky\"},\"image\":{\"@id\":\"https:\/\/carway.sk\/#\/schema\/logo\/image\/\"},\"sameAs\":[\"https:\/\/facebook.com\/autoserviscarway\",\"https:\/\/www.instagram.com\/carwayservis\/\"]}]}<\/script>\n<!-- \/ Yoast SEO plugin. -->","yoast_head_json":{"title":"Rezerv\u00e1cia servisu - Autoservis a Pneuservis Nov\u00e9 Z\u00e1mky","robots":{"index":"index","follow":"follow","max-snippet":"max-snippet:-1","max-image-preview":"max-image-preview:large","max-video-preview":"max-video-preview:-1"},"canonical":"https:\/\/carway.sk\/hu\/rezervacia-servisu\/","og_locale":"hu_HU","og_type":"article","og_title":"Rezerv\u00e1cia servisu - Autoservis a Pneuservis Nov\u00e9 Z\u00e1mky","og_description":"Objednajte sa na servis V ponuke aj vyzdvihnutie vozidla Ak si prajete vyzdvihnutie vozdla na\u0161imi technikmi v r\u00e1mci mesta Nov\u00e9 Z\u00e1mky, zadajte do pozn\u00e1mky miesto a \u010das vyzdvihnutia. Vyzdvihnutie je spoplatnen\u00e9 sumou 15\u20ac. Vytvorte si rezerv\u00e1ciu alebo n\u00e1m zavolajte a dohodnite si term\u00edn na servis 0944 888 322 Potrebujete in\u00fd term\u00edn? Ak m\u00e1te ak\u00e9ko\u013evek ot\u00e1zky [&hellip;]","og_url":"https:\/\/carway.sk\/hu\/rezervacia-servisu\/","og_site_name":"Autoservis a Pneuservis Nov\u00e9 Z\u00e1mky","article_publisher":"https:\/\/facebook.com\/autoserviscarway","article_modified_time":"2022-11-07T14:10:27+00:00","twitter_card":"summary_large_image","schema":{"@context":"https:\/\/schema.org","@graph":[{"@type":"WebPage","@id":"https:\/\/carway.sk\/rezervacia-servisu\/","url":"https:\/\/carway.sk\/rezervacia-servisu\/","name":"Rezerv\u00e1cia servisu - Autoservis a Pneuservis Nov\u00e9 Z\u00e1mky","isPartOf":{"@id":"https:\/\/carway.sk\/#website"},"datePublished":"2022-05-09T21:59:18+00:00","dateModified":"2022-11-07T14:10:27+00:00","breadcrumb":{"@id":"https:\/\/carway.sk\/rezervacia-servisu\/#breadcrumb"},"inLanguage":"hu","potentialAction":[{"@type":"ReadAction","target":["https:\/\/carway.sk\/rezervacia-servisu\/"]}]},{"@type":"BreadcrumbList","@id":"https:\/\/carway.sk\/rezervacia-servisu\/#breadcrumb","itemListElement":[{"@type":"ListItem","position":1,"name":"Domovsk\u00e1 str\u00e1nka","item":"https:\/\/carway.sk\/"},{"@type":"ListItem","position":2,"name":"Rezerv\u00e1cia servisu"}]},{"@type":"WebSite","@id":"https:\/\/carway.sk\/#website","url":"https:\/\/carway.sk\/","name":"Autoservis a Pneuservis Nov\u00e9 Z\u00e1mky","description":"Pneuservis","publisher":{"@id":"https:\/\/carway.sk\/#organization"},"potentialAction":[{"@type":"SearchAction","target":{"@type":"EntryPoint","urlTemplate":"https:\/\/carway.sk\/?s={search_term_string}"},"query-input":{"@type":"PropertyValueSpecification","valueRequired":true,"valueName":"search_term_string"}}],"inLanguage":"hu"},{"@type":"Organization","@id":"https:\/\/carway.sk\/#organization","name":"Autoservis a Pneuservis Nov\u00e9 Z\u00e1mky","url":"https:\/\/carway.sk\/","logo":{"@type":"ImageObject","inLanguage":"hu","@id":"https:\/\/carway.sk\/#\/schema\/logo\/image\/","url":"https:\/\/carway.sk\/wp-content\/uploads\/2022\/05\/carway-logoheadline.svg","contentUrl":"https:\/\/carway.sk\/wp-content\/uploads\/2022\/05\/carway-logoheadline.svg","width":482,"height":187,"caption":"Autoservis a Pneuservis Nov\u00e9 Z\u00e1mky"},"image":{"@id":"https:\/\/carway.sk\/#\/schema\/logo\/image\/"},"sameAs":["https:\/\/facebook.com\/autoserviscarway","https:\/\/www.instagram.com\/carwayservis\/"]}]}},"_links":{"self":[{"href":"https:\/\/carway.sk\/hu\/wp-json\/wp\/v2\/pages\/41","targetHints":{"allow":["GET"]}}],"collection":[{"href":"https:\/\/carway.sk\/hu\/wp-json\/wp\/v2\/pages"}],"about":[{"href":"https:\/\/carway.sk\/hu\/wp-json\/wp\/v2\/types\/page"}],"author":[{"embeddable":true,"href":"https:\/\/carway.sk\/hu\/wp-json\/wp\/v2\/users\/1"}],"replies":[{"embeddable":true,"href":"https:\/\/carway.sk\/hu\/wp-json\/wp\/v2\/comments?post=41"}],"version-history":[{"count":124,"href":"https:\/\/carway.sk\/hu\/wp-json\/wp\/v2\/pages\/41\/revisions"}],"predecessor-version":[{"id":1154,"href":"https:\/\/carway.sk\/hu\/wp-json\/wp\/v2\/pages\/41\/revisions\/1154"}],"wp:attachment":[{"href":"https:\/\/carway.sk\/hu\/wp-json\/wp\/v2\/media?parent=41"}],"curies":[{"name":"wp","href":"https:\/\/api.w.org\/{rel}","templated":true}]}}