{"id":1332,"date":"2025-06-19T10:51:48","date_gmt":"2025-06-19T10:51:48","guid":{"rendered":"https:\/\/carway.sk\/?page_id=1332"},"modified":"2025-07-25T09:06:14","modified_gmt":"2025-07-25T09:06:14","slug":"prenajom-vozidiel","status":"publish","type":"page","link":"https:\/\/carway.sk\/hu\/prenajom-vozidiel\/","title":{"rendered":"Pren\u00e1jom vozidiel"},"content":{"rendered":"<div data-elementor-type=\"wp-page\" data-elementor-id=\"1332\" class=\"elementor elementor-1332\" data-elementor-post-type=\"page\">\n\t\t\t\t\t\t<section class=\"elementor-section elementor-top-section elementor-element elementor-element-f1f8f99 elementor-section-height-min-height elementor-section-items-top elementor-section-boxed elementor-section-height-default\" data-id=\"f1f8f99\" data-element_type=\"section\" data-settings=\"{&quot;background_background&quot;:&quot;classic&quot;,&quot;shape_divider_bottom&quot;:&quot;opacity-fan&quot;}\">\n\t\t\t\t\t\t\t<div class=\"elementor-background-overlay\"><\/div>\n\t\t\t\t\t\t<div class=\"elementor-shape elementor-shape-bottom\" aria-hidden=\"true\" data-negative=\"false\">\n\t\t\t<svg xmlns=\"http:\/\/www.w3.org\/2000\/svg\" viewbox=\"0 0 283.5 19.6\" preserveaspectratio=\"none\">\n\t<path class=\"elementor-shape-fill\" style=\"opacity:0.33\" d=\"M0 0L0 18.8 141.8 4.1 283.5 18.8 283.5 0z\"\/>\n\t<path class=\"elementor-shape-fill\" style=\"opacity:0.33\" d=\"M0 0L0 12.6 141.8 4 283.5 12.6 283.5 0z\"\/>\n\t<path class=\"elementor-shape-fill\" style=\"opacity:0.33\" d=\"M0 0L0 6.4 141.8 4 283.5 6.4 283.5 0z\"\/>\n\t<path class=\"elementor-shape-fill\" d=\"M0 0L0 1.2 141.8 4 283.5 1.2 283.5 0z\"\/>\n<\/svg>\t\t<\/div>\n\t\t\t\t\t<div class=\"elementor-container elementor-column-gap-default\">\n\t\t\t\t\t<div class=\"elementor-column elementor-col-100 elementor-top-column elementor-element elementor-element-e6bdfd9\" data-id=\"e6bdfd9\" data-element_type=\"column\">\n\t\t\t<div class=\"elementor-widget-wrap elementor-element-populated\">\n\t\t\t\t\t\t<div class=\"elementor-element elementor-element-05c3155 elementor-widget elementor-widget-heading\" data-id=\"05c3155\" data-element_type=\"widget\" data-widget_type=\"heading.default\">\n\t\t\t\t<div class=\"elementor-widget-container\">\n\t\t\t\t\t<h2 class=\"elementor-heading-title elementor-size-default\">Dlhodob\u00fd Pren\u00e1jom vozidiel<\/h2>\t\t\t\t<\/div>\n\t\t\t\t<\/div>\n\t\t\t\t\t<\/div>\n\t\t<\/div>\n\t\t\t\t\t<\/div>\n\t\t<\/section>\n\t\t\t\t<section class=\"elementor-section elementor-top-section elementor-element elementor-element-79b283c elementor-section-height-min-height elementor-reverse-mobile elementor-section-boxed elementor-section-height-default elementor-section-items-middle\" data-id=\"79b283c\" data-element_type=\"section\" data-settings=\"{&quot;background_background&quot;:&quot;classic&quot;}\">\n\t\t\t\t\t\t<div class=\"elementor-container elementor-column-gap-default\">\n\t\t\t\t\t<div class=\"elementor-column elementor-col-50 elementor-top-column elementor-element elementor-element-d0c0d2a\" data-id=\"d0c0d2a\" data-element_type=\"column\">\n\t\t\t<div class=\"elementor-widget-wrap elementor-element-populated\">\n\t\t\t\t\t\t<div class=\"elementor-element elementor-element-fa0d6c9 elementor-widget elementor-widget-heading\" data-id=\"fa0d6c9\" data-element_type=\"widget\" data-widget_type=\"heading.default\">\n\t\t\t\t<div class=\"elementor-widget-container\">\n\t\t\t\t\t<h2 class=\"elementor-heading-title elementor-size-default\">Kia Sorento<\/h2>\t\t\t\t<\/div>\n\t\t\t\t<\/div>\n\t\t\t\t<div class=\"elementor-element elementor-element-dd06970 elementor-widget elementor-widget-text-editor\" data-id=\"dd06970\" data-element_type=\"widget\" data-widget_type=\"text-editor.default\">\n\t\t\t\t<div class=\"elementor-widget-container\">\n\t\t\t\t\t\t\t\t\t<p><strong data-start=\"74\" data-end=\"127\">Na dlhodob\u00fd pren\u00e1jom pon\u00fakame vozidlo Kia Sorento<\/strong> za 600\u202f\u20ac mesa\u010dne bez DPH. Minim\u00e1lna doba pren\u00e1jmu je 1 mesiac. <strong data-start=\"191\" data-end=\"227\">Servis je zahrnut\u00fd v cene n\u00e1jmu.<\/strong><\/p>\t\t\t\t\t\t\t\t<\/div>\n\t\t\t\t<\/div>\n\t\t\t\t<div class=\"elementor-element elementor-element-6598db4 elementor-widget elementor-widget-text-editor\" data-id=\"6598db4\" data-element_type=\"widget\" data-widget_type=\"text-editor.default\">\n\t\t\t\t<div class=\"elementor-widget-container\">\n\t\t\t\t\t\t\t\t\t<p>Potrebujete viac inform\u00e1cii alebo m\u00e1te z\u00e1ujem o pren\u00e1jom vozidla?<\/p>\t\t\t\t\t\t\t\t<\/div>\n\t\t\t\t<\/div>\n\t\t\t\t<div class=\"elementor-element elementor-element-07d1c48 elementor-align-left elementor-widget elementor-widget-button\" data-id=\"07d1c48\" data-element_type=\"widget\" data-widget_type=\"button.default\">\n\t\t\t\t<div class=\"elementor-widget-container\">\n\t\t\t\t\t\t\t\t\t<div class=\"elementor-button-wrapper\">\n\t\t\t\t\t<a class=\"elementor-button elementor-button-link elementor-size-md\" href=\"https:\/\/carway.sk\/hu\/kontakt\/\">\n\t\t\t\t\t\t<span class=\"elementor-button-content-wrapper\">\n\t\t\t\t\t\t<span class=\"elementor-button-icon\">\n\t\t\t\t<i aria-hidden=\"true\" class=\"fas fa-chevron-right\"><\/i>\t\t\t<\/span>\n\t\t\t\t\t\t\t\t\t<span class=\"elementor-button-text\">L\u00e9pjen kapcsolatba vel\u00fcnk<\/span>\n\t\t\t\t\t<\/span>\n\t\t\t\t\t<\/a>\n\t\t\t\t<\/div>\n\t\t\t\t\t\t\t\t<\/div>\n\t\t\t\t<\/div>\n\t\t\t\t\t<\/div>\n\t\t<\/div>\n\t\t\t\t<div class=\"elementor-column elementor-col-50 elementor-top-column elementor-element elementor-element-b5359a9\" data-id=\"b5359a9\" data-element_type=\"column\">\n\t\t\t<div class=\"elementor-widget-wrap elementor-element-populated\">\n\t\t\t\t\t\t<div class=\"elementor-element elementor-element-56b8727 elementor-widget elementor-widget-image\" data-id=\"56b8727\" data-element_type=\"widget\" data-widget_type=\"image.default\">\n\t\t\t\t<div class=\"elementor-widget-container\">\n\t\t\t\t\t\t\t\t\t\t\t\t\t\t\t<img fetchpriority=\"high\" decoding=\"async\" width=\"800\" height=\"610\" src=\"https:\/\/carway.sk\/wp-content\/uploads\/2025\/06\/Artboard-34-copy-1-1024x781.webp\" class=\"attachment-large size-large wp-image-1367\" alt=\"\" srcset=\"https:\/\/carway.sk\/wp-content\/uploads\/2025\/06\/Artboard-34-copy-1-1024x781.webp 1024w, https:\/\/carway.sk\/wp-content\/uploads\/2025\/06\/Artboard-34-copy-1-300x229.webp 300w, https:\/\/carway.sk\/wp-content\/uploads\/2025\/06\/Artboard-34-copy-1-768x586.webp 768w, https:\/\/carway.sk\/wp-content\/uploads\/2025\/06\/Artboard-34-copy-1-16x12.webp 16w, https:\/\/carway.sk\/wp-content\/uploads\/2025\/06\/Artboard-34-copy-1.webp 1275w\" sizes=\"(max-width: 800px) 100vw, 800px\" \/>\t\t\t\t\t\t\t\t\t\t\t\t\t\t\t<\/div>\n\t\t\t\t<\/div>\n\t\t\t\t\t<\/div>\n\t\t<\/div>\n\t\t\t\t\t<\/div>\n\t\t<\/section>\n\t\t\t\t<section class=\"elementor-section elementor-top-section elementor-element elementor-element-4db9b48 elementor-section-height-min-height elementor-reverse-mobile elementor-section-boxed elementor-section-height-default elementor-section-items-middle\" data-id=\"4db9b48\" data-element_type=\"section\" data-settings=\"{&quot;background_background&quot;:&quot;classic&quot;}\">\n\t\t\t\t\t\t<div class=\"elementor-container elementor-column-gap-default\">\n\t\t\t\t\t<div class=\"elementor-column elementor-col-50 elementor-top-column elementor-element elementor-element-343004c\" data-id=\"343004c\" data-element_type=\"column\">\n\t\t\t<div class=\"elementor-widget-wrap elementor-element-populated\">\n\t\t\t\t\t\t<div class=\"elementor-element elementor-element-02a88ed elementor-widget elementor-widget-image\" data-id=\"02a88ed\" data-element_type=\"widget\" data-widget_type=\"image.default\">\n\t\t\t\t<div class=\"elementor-widget-container\">\n\t\t\t\t\t\t\t\t\t\t\t\t\t\t\t<img decoding=\"async\" width=\"800\" height=\"610\" src=\"https:\/\/carway.sk\/wp-content\/uploads\/2025\/06\/Artboard-34-1-1024x781.webp\" class=\"attachment-large size-large wp-image-1368\" alt=\"\" srcset=\"https:\/\/carway.sk\/wp-content\/uploads\/2025\/06\/Artboard-34-1-1024x781.webp 1024w, https:\/\/carway.sk\/wp-content\/uploads\/2025\/06\/Artboard-34-1-300x229.webp 300w, https:\/\/carway.sk\/wp-content\/uploads\/2025\/06\/Artboard-34-1-768x586.webp 768w, https:\/\/carway.sk\/wp-content\/uploads\/2025\/06\/Artboard-34-1-16x12.webp 16w, https:\/\/carway.sk\/wp-content\/uploads\/2025\/06\/Artboard-34-1.webp 1275w\" sizes=\"(max-width: 800px) 100vw, 800px\" \/>\t\t\t\t\t\t\t\t\t\t\t\t\t\t\t<\/div>\n\t\t\t\t<\/div>\n\t\t\t\t\t<\/div>\n\t\t<\/div>\n\t\t\t\t<div class=\"elementor-column elementor-col-50 elementor-top-column elementor-element elementor-element-9832e59\" data-id=\"9832e59\" data-element_type=\"column\">\n\t\t\t<div class=\"elementor-widget-wrap elementor-element-populated\">\n\t\t\t\t\t\t<div class=\"elementor-element elementor-element-11ddc6b elementor-widget elementor-widget-heading\" data-id=\"11ddc6b\" data-element_type=\"widget\" data-widget_type=\"heading.default\">\n\t\t\t\t<div class=\"elementor-widget-container\">\n\t\t\t\t\t<h2 class=\"elementor-heading-title elementor-size-default\"> MINI Cooper S <\/h2>\t\t\t\t<\/div>\n\t\t\t\t<\/div>\n\t\t\t\t<div class=\"elementor-element elementor-element-a0c3478 elementor-widget elementor-widget-text-editor\" data-id=\"a0c3478\" data-element_type=\"widget\" data-widget_type=\"text-editor.default\">\n\t\t\t\t<div class=\"elementor-widget-container\">\n\t\t\t\t\t\t\t\t\t<p><strong data-start=\"232\" data-end=\"296\">Na dlhodob\u00fd pren\u00e1jom pon\u00fakame \u0161portov\u00e9 vozidlo MINI Cooper S<\/strong> za 500\u202f\u20ac mesa\u010dne bez DPH. Minim\u00e1lna doba pren\u00e1jmu je 1 mesiac. <strong data-start=\"360\" data-end=\"396\">Servis je zahrnut\u00fd v cene n\u00e1jmu.<\/strong><\/p>\t\t\t\t\t\t\t\t<\/div>\n\t\t\t\t<\/div>\n\t\t\t\t<div class=\"elementor-element elementor-element-35da936 elementor-widget elementor-widget-text-editor\" data-id=\"35da936\" data-element_type=\"widget\" data-widget_type=\"text-editor.default\">\n\t\t\t\t<div class=\"elementor-widget-container\">\n\t\t\t\t\t\t\t\t\t<p>Potrebujete viac inform\u00e1cii alebo m\u00e1te z\u00e1ujem o pren\u00e1jom vozidla?<\/p>\t\t\t\t\t\t\t\t<\/div>\n\t\t\t\t<\/div>\n\t\t\t\t<div class=\"elementor-element elementor-element-f62e0cb elementor-align-left elementor-widget elementor-widget-button\" data-id=\"f62e0cb\" data-element_type=\"widget\" data-widget_type=\"button.default\">\n\t\t\t\t<div class=\"elementor-widget-container\">\n\t\t\t\t\t\t\t\t\t<div class=\"elementor-button-wrapper\">\n\t\t\t\t\t<a class=\"elementor-button elementor-button-link elementor-size-md\" href=\"https:\/\/carway.sk\/hu\/kontakt\/\">\n\t\t\t\t\t\t<span class=\"elementor-button-content-wrapper\">\n\t\t\t\t\t\t<span class=\"elementor-button-icon\">\n\t\t\t\t<i aria-hidden=\"true\" class=\"fas fa-chevron-right\"><\/i>\t\t\t<\/span>\n\t\t\t\t\t\t\t\t\t<span class=\"elementor-button-text\">L\u00e9pjen kapcsolatba vel\u00fcnk<\/span>\n\t\t\t\t\t<\/span>\n\t\t\t\t\t<\/a>\n\t\t\t\t<\/div>\n\t\t\t\t\t\t\t\t<\/div>\n\t\t\t\t<\/div>\n\t\t\t\t\t<\/div>\n\t\t<\/div>\n\t\t\t\t\t<\/div>\n\t\t<\/section>\n\t\t\t\t<\/div>","protected":false},"excerpt":{"rendered":"<p>Dlhodob\u00fd Pren\u00e1jom vozidiel Kia Sorento Na dlhodob\u00fd pren\u00e1jom pon\u00fakame vozidlo Kia Sorento za 600\u202f\u20ac mesa\u010dne bez DPH. Minim\u00e1lna doba pren\u00e1jmu je 1 mesiac. Servis je zahrnut\u00fd v cene n\u00e1jmu. Potrebujete viac inform\u00e1cii alebo m\u00e1te z\u00e1ujem o pren\u00e1jom vozidla? Kontaktujte n\u00e1s MINI Cooper S Na dlhodob\u00fd pren\u00e1jom pon\u00fakame \u0161portov\u00e9 vozidlo MINI Cooper S za 500\u202f\u20ac mesa\u010dne [&hellip;]<\/p>","protected":false},"author":1,"featured_media":0,"parent":0,"menu_order":0,"comment_status":"closed","ping_status":"closed","template":"","meta":{"inline_featured_image":false,"footnotes":""},"class_list":["post-1332","page","type-page","status-publish","hentry"],"yoast_head":"<!-- This site is optimized with the Yoast SEO plugin v25.3.1 - https:\/\/yoast.com\/wordpress\/plugins\/seo\/ -->\n<title>Pren\u00e1jom vozidiel - Autoservis a Pneuservis Nov\u00e9 Z\u00e1mky<\/title>\n<meta name=\"robots\" content=\"index, follow, max-snippet:-1, max-image-preview:large, max-video-preview:-1\" \/>\n<link rel=\"canonical\" href=\"https:\/\/carway.sk\/hu\/prenajom-vozidiel\/\" \/>\n<meta property=\"og:locale\" content=\"hu_HU\" \/>\n<meta property=\"og:type\" content=\"article\" \/>\n<meta property=\"og:title\" content=\"Pren\u00e1jom vozidiel - Autoservis a Pneuservis Nov\u00e9 Z\u00e1mky\" \/>\n<meta property=\"og:description\" content=\"Dlhodob\u00fd Pren\u00e1jom vozidiel Kia Sorento Na dlhodob\u00fd pren\u00e1jom pon\u00fakame vozidlo Kia Sorento za 600\u202f\u20ac mesa\u010dne bez DPH. Minim\u00e1lna doba pren\u00e1jmu je 1 mesiac. Servis je zahrnut\u00fd v cene n\u00e1jmu. Potrebujete viac inform\u00e1cii alebo m\u00e1te z\u00e1ujem o pren\u00e1jom vozidla? Kontaktujte n\u00e1s MINI Cooper S Na dlhodob\u00fd pren\u00e1jom pon\u00fakame \u0161portov\u00e9 vozidlo MINI Cooper S za 500\u202f\u20ac mesa\u010dne [&hellip;]\" \/>\n<meta property=\"og:url\" content=\"https:\/\/carway.sk\/hu\/prenajom-vozidiel\/\" \/>\n<meta property=\"og:site_name\" content=\"Autoservis a Pneuservis Nov\u00e9 Z\u00e1mky\" \/>\n<meta property=\"article:publisher\" content=\"https:\/\/facebook.com\/autoserviscarway\" \/>\n<meta property=\"article:modified_time\" content=\"2025-07-25T09:06:14+00:00\" \/>\n<meta property=\"og:image\" content=\"https:\/\/carway.sk\/wp-content\/uploads\/2025\/06\/Artboard-34-copy-1.webp\" \/>\n\t<meta property=\"og:image:width\" content=\"1275\" \/>\n\t<meta property=\"og:image:height\" content=\"973\" \/>\n\t<meta property=\"og:image:type\" content=\"image\/webp\" \/>\n<meta name=\"twitter:card\" content=\"summary_large_image\" \/>\n<meta name=\"twitter:label1\" content=\"Becs\u00fclt olvas\u00e1si id\u0151\" \/>\n\t<meta name=\"twitter:data1\" content=\"1 perc\" \/>\n<script type=\"application\/ld+json\" class=\"yoast-schema-graph\">{\"@context\":\"https:\/\/schema.org\",\"@graph\":[{\"@type\":\"WebPage\",\"@id\":\"https:\/\/carway.sk\/prenajom-vozidiel\/\",\"url\":\"https:\/\/carway.sk\/prenajom-vozidiel\/\",\"name\":\"Pren\u00e1jom vozidiel - Autoservis a Pneuservis Nov\u00e9 Z\u00e1mky\",\"isPartOf\":{\"@id\":\"https:\/\/carway.sk\/#website\"},\"primaryImageOfPage\":{\"@id\":\"https:\/\/carway.sk\/prenajom-vozidiel\/#primaryimage\"},\"image\":{\"@id\":\"https:\/\/carway.sk\/prenajom-vozidiel\/#primaryimage\"},\"thumbnailUrl\":\"https:\/\/carway.sk\/wp-content\/uploads\/2025\/06\/Artboard-34-copy-1-1024x781.webp\",\"datePublished\":\"2025-06-19T10:51:48+00:00\",\"dateModified\":\"2025-07-25T09:06:14+00:00\",\"breadcrumb\":{\"@id\":\"https:\/\/carway.sk\/prenajom-vozidiel\/#breadcrumb\"},\"inLanguage\":\"hu\",\"potentialAction\":[{\"@type\":\"ReadAction\",\"target\":[\"https:\/\/carway.sk\/prenajom-vozidiel\/\"]}]},{\"@type\":\"ImageObject\",\"inLanguage\":\"hu\",\"@id\":\"https:\/\/carway.sk\/prenajom-vozidiel\/#primaryimage\",\"url\":\"https:\/\/carway.sk\/wp-content\/uploads\/2025\/06\/Artboard-34-copy-1-1024x781.webp\",\"contentUrl\":\"https:\/\/carway.sk\/wp-content\/uploads\/2025\/06\/Artboard-34-copy-1-1024x781.webp\"},{\"@type\":\"BreadcrumbList\",\"@id\":\"https:\/\/carway.sk\/prenajom-vozidiel\/#breadcrumb\",\"itemListElement\":[{\"@type\":\"ListItem\",\"position\":1,\"name\":\"Domovsk\u00e1 str\u00e1nka\",\"item\":\"https:\/\/carway.sk\/\"},{\"@type\":\"ListItem\",\"position\":2,\"name\":\"Pren\u00e1jom vozidiel\"}]},{\"@type\":\"WebSite\",\"@id\":\"https:\/\/carway.sk\/#website\",\"url\":\"https:\/\/carway.sk\/\",\"name\":\"Autoservis a Pneuservis Nov\u00e9 Z\u00e1mky\",\"description\":\"Pneuservis\",\"publisher\":{\"@id\":\"https:\/\/carway.sk\/#organization\"},\"potentialAction\":[{\"@type\":\"SearchAction\",\"target\":{\"@type\":\"EntryPoint\",\"urlTemplate\":\"https:\/\/carway.sk\/?s={search_term_string}\"},\"query-input\":{\"@type\":\"PropertyValueSpecification\",\"valueRequired\":true,\"valueName\":\"search_term_string\"}}],\"inLanguage\":\"hu\"},{\"@type\":\"Organization\",\"@id\":\"https:\/\/carway.sk\/#organization\",\"name\":\"Autoservis a Pneuservis Nov\u00e9 Z\u00e1mky\",\"url\":\"https:\/\/carway.sk\/\",\"logo\":{\"@type\":\"ImageObject\",\"inLanguage\":\"hu\",\"@id\":\"https:\/\/carway.sk\/#\/schema\/logo\/image\/\",\"url\":\"https:\/\/carway.sk\/wp-content\/uploads\/2022\/05\/carway-logoheadline.svg\",\"contentUrl\":\"https:\/\/carway.sk\/wp-content\/uploads\/2022\/05\/carway-logoheadline.svg\",\"width\":482,\"height\":187,\"caption\":\"Autoservis a Pneuservis Nov\u00e9 Z\u00e1mky\"},\"image\":{\"@id\":\"https:\/\/carway.sk\/#\/schema\/logo\/image\/\"},\"sameAs\":[\"https:\/\/facebook.com\/autoserviscarway\",\"https:\/\/www.instagram.com\/carwayservis\/\"]}]}<\/script>\n<!-- \/ Yoast SEO plugin. -->","yoast_head_json":{"title":"Pren\u00e1jom vozidiel - Autoservis a Pneuservis Nov\u00e9 Z\u00e1mky","robots":{"index":"index","follow":"follow","max-snippet":"max-snippet:-1","max-image-preview":"max-image-preview:large","max-video-preview":"max-video-preview:-1"},"canonical":"https:\/\/carway.sk\/hu\/prenajom-vozidiel\/","og_locale":"hu_HU","og_type":"article","og_title":"Pren\u00e1jom vozidiel - Autoservis a Pneuservis Nov\u00e9 Z\u00e1mky","og_description":"Dlhodob\u00fd Pren\u00e1jom vozidiel Kia Sorento Na dlhodob\u00fd pren\u00e1jom pon\u00fakame vozidlo Kia Sorento za 600\u202f\u20ac mesa\u010dne bez DPH. Minim\u00e1lna doba pren\u00e1jmu je 1 mesiac. Servis je zahrnut\u00fd v cene n\u00e1jmu. Potrebujete viac inform\u00e1cii alebo m\u00e1te z\u00e1ujem o pren\u00e1jom vozidla? Kontaktujte n\u00e1s MINI Cooper S Na dlhodob\u00fd pren\u00e1jom pon\u00fakame \u0161portov\u00e9 vozidlo MINI Cooper S za 500\u202f\u20ac mesa\u010dne [&hellip;]","og_url":"https:\/\/carway.sk\/hu\/prenajom-vozidiel\/","og_site_name":"Autoservis a Pneuservis Nov\u00e9 Z\u00e1mky","article_publisher":"https:\/\/facebook.com\/autoserviscarway","article_modified_time":"2025-07-25T09:06:14+00:00","og_image":[{"width":1275,"height":973,"url":"https:\/\/carway.sk\/wp-content\/uploads\/2025\/06\/Artboard-34-copy-1.webp","type":"image\/webp"}],"twitter_card":"summary_large_image","twitter_misc":{"Becs\u00fclt olvas\u00e1si id\u0151":"1 perc"},"schema":{"@context":"https:\/\/schema.org","@graph":[{"@type":"WebPage","@id":"https:\/\/carway.sk\/prenajom-vozidiel\/","url":"https:\/\/carway.sk\/prenajom-vozidiel\/","name":"Pren\u00e1jom vozidiel - Autoservis a Pneuservis Nov\u00e9 Z\u00e1mky","isPartOf":{"@id":"https:\/\/carway.sk\/#website"},"primaryImageOfPage":{"@id":"https:\/\/carway.sk\/prenajom-vozidiel\/#primaryimage"},"image":{"@id":"https:\/\/carway.sk\/prenajom-vozidiel\/#primaryimage"},"thumbnailUrl":"https:\/\/carway.sk\/wp-content\/uploads\/2025\/06\/Artboard-34-copy-1-1024x781.webp","datePublished":"2025-06-19T10:51:48+00:00","dateModified":"2025-07-25T09:06:14+00:00","breadcrumb":{"@id":"https:\/\/carway.sk\/prenajom-vozidiel\/#breadcrumb"},"inLanguage":"hu","potentialAction":[{"@type":"ReadAction","target":["https:\/\/carway.sk\/prenajom-vozidiel\/"]}]},{"@type":"ImageObject","inLanguage":"hu","@id":"https:\/\/carway.sk\/prenajom-vozidiel\/#primaryimage","url":"https:\/\/carway.sk\/wp-content\/uploads\/2025\/06\/Artboard-34-copy-1-1024x781.webp","contentUrl":"https:\/\/carway.sk\/wp-content\/uploads\/2025\/06\/Artboard-34-copy-1-1024x781.webp"},{"@type":"BreadcrumbList","@id":"https:\/\/carway.sk\/prenajom-vozidiel\/#breadcrumb","itemListElement":[{"@type":"ListItem","position":1,"name":"Domovsk\u00e1 str\u00e1nka","item":"https:\/\/carway.sk\/"},{"@type":"ListItem","position":2,"name":"Pren\u00e1jom vozidiel"}]},{"@type":"WebSite","@id":"https:\/\/carway.sk\/#website","url":"https:\/\/carway.sk\/","name":"Autoservis a Pneuservis Nov\u00e9 Z\u00e1mky","description":"Pneuservis","publisher":{"@id":"https:\/\/carway.sk\/#organization"},"potentialAction":[{"@type":"SearchAction","target":{"@type":"EntryPoint","urlTemplate":"https:\/\/carway.sk\/?s={search_term_string}"},"query-input":{"@type":"PropertyValueSpecification","valueRequired":true,"valueName":"search_term_string"}}],"inLanguage":"hu"},{"@type":"Organization","@id":"https:\/\/carway.sk\/#organization","name":"Autoservis a Pneuservis Nov\u00e9 Z\u00e1mky","url":"https:\/\/carway.sk\/","logo":{"@type":"ImageObject","inLanguage":"hu","@id":"https:\/\/carway.sk\/#\/schema\/logo\/image\/","url":"https:\/\/carway.sk\/wp-content\/uploads\/2022\/05\/carway-logoheadline.svg","contentUrl":"https:\/\/carway.sk\/wp-content\/uploads\/2022\/05\/carway-logoheadline.svg","width":482,"height":187,"caption":"Autoservis a Pneuservis Nov\u00e9 Z\u00e1mky"},"image":{"@id":"https:\/\/carway.sk\/#\/schema\/logo\/image\/"},"sameAs":["https:\/\/facebook.com\/autoserviscarway","https:\/\/www.instagram.com\/carwayservis\/"]}]}},"_links":{"self":[{"href":"https:\/\/carway.sk\/hu\/wp-json\/wp\/v2\/pages\/1332","targetHints":{"allow":["GET"]}}],"collection":[{"href":"https:\/\/carway.sk\/hu\/wp-json\/wp\/v2\/pages"}],"about":[{"href":"https:\/\/carway.sk\/hu\/wp-json\/wp\/v2\/types\/page"}],"author":[{"embeddable":true,"href":"https:\/\/carway.sk\/hu\/wp-json\/wp\/v2\/users\/1"}],"replies":[{"embeddable":true,"href":"https:\/\/carway.sk\/hu\/wp-json\/wp\/v2\/comments?post=1332"}],"version-history":[{"count":49,"href":"https:\/\/carway.sk\/hu\/wp-json\/wp\/v2\/pages\/1332\/revisions"}],"predecessor-version":[{"id":1420,"href":"https:\/\/carway.sk\/hu\/wp-json\/wp\/v2\/pages\/1332\/revisions\/1420"}],"wp:attachment":[{"href":"https:\/\/carway.sk\/hu\/wp-json\/wp\/v2\/media?parent=1332"}],"curies":[{"name":"wp","href":"https:\/\/api.w.org\/{rel}","templated":true}]}}